{"id":46394,"date":"2025-05-23T10:53:38","date_gmt":"2025-05-23T08:53:38","guid":{"rendered":"https:\/\/www.sweetmaloryne.com\/boutique\/?post_type=product&#038;p=46394"},"modified":"2026-02-04T17:45:32","modified_gmt":"2026-02-04T16:45:32","slug":"pendentif-solaire-amethyste-repos-nocturne","status":"publish","type":"product","link":"https:\/\/www.sweetmaloryne.com\/boutique\/produit\/pendentif-solaire-amethyste-repos-nocturne\/","title":{"rendered":"Pendentif Solaire Am\u00e9thyste &#8211; Repos nocturne"},"content":{"rendered":"","protected":false},"excerpt":{"rendered":"<p>Ce magnifique support de fen\u00eatre\/pendentif soleil attire tous les regards sur votre fen\u00eatre. Lorsque le soleil brille, les cristaux brillent.<\/p>\n<p>Ce magnifique attrape-soleil aura \u00e9galement fi\u00e8re allure dans la chambre (de b\u00e9b\u00e9). L&rsquo;am\u00e9thyste assure un bon sommeil et r\u00e9duit les cauchemars. Alors r\u00eavez \u00e0 merveille !<\/p>\n<p>D\u00e9tails:<br \/>\n\u30fbPierres pr\u00e9cieuses d&rsquo;am\u00e9thyste et diamant taille verre<br \/>\n\u30fbY compris la carte de signification<br \/>\n\u30fbDiam\u00e8tre du pendentif : 8 cm<br \/>\n\u30fbLongueur totale : 34 cm<\/p>\n","protected":false},"featured_media":46395,"template":"","meta":[],"product_brand":[],"product_cat":[19,40,53,885],"product_tag":[],"class_list":{"0":"post-46394","1":"product","2":"type-product","3":"status-publish","4":"has-post-thumbnail","6":"product_cat-decoration","7":"product_cat-jardin","8":"product_cat-pendentifs","9":"product_cat-suspension-decorative","10":"description-off","12":"first","13":"instock","14":"shipping-taxable","15":"purchasable","16":"product-type-simple"},"_links":{"self":[{"href":"https:\/\/www.sweetmaloryne.com\/boutique\/wp-json\/wp\/v2\/product\/46394","targetHints":{"allow":["GET"]}}],"collection":[{"href":"https:\/\/www.sweetmaloryne.com\/boutique\/wp-json\/wp\/v2\/product"}],"about":[{"href":"https:\/\/www.sweetmaloryne.com\/boutique\/wp-json\/wp\/v2\/types\/product"}],"wp:featuredmedia":[{"embeddable":true,"href":"https:\/\/www.sweetmaloryne.com\/boutique\/wp-json\/wp\/v2\/media\/46395"}],"wp:attachment":[{"href":"https:\/\/www.sweetmaloryne.com\/boutique\/wp-json\/wp\/v2\/media?parent=46394"}],"wp:term":[{"taxonomy":"product_brand","embeddable":true,"href":"https:\/\/www.sweetmaloryne.com\/boutique\/wp-json\/wp\/v2\/product_brand?post=46394"},{"taxonomy":"product_cat","embeddable":true,"href":"https:\/\/www.sweetmaloryne.com\/boutique\/wp-json\/wp\/v2\/product_cat?post=46394"},{"taxonomy":"product_tag","embeddable":true,"href":"https:\/\/www.sweetmaloryne.com\/boutique\/wp-json\/wp\/v2\/product_tag?post=46394"}],"curies":[{"name":"wp","href":"https:\/\/api.w.org\/{rel}","templated":true}]}}