{"id":46398,"date":"2025-05-23T10:55:46","date_gmt":"2025-05-23T08:55:46","guid":{"rendered":"https:\/\/www.sweetmaloryne.com\/boutique\/?post_type=product&#038;p=46398"},"modified":"2025-12-12T17:21:31","modified_gmt":"2025-12-12T16:21:31","slug":"pendentif-solaire-cristal-de-roche-positivite","status":"publish","type":"product","link":"https:\/\/www.sweetmaloryne.com\/boutique\/produit\/pendentif-solaire-cristal-de-roche-positivite\/","title":{"rendered":"Pendentif Solaire Cristal de Roche &#8211; Positivit\u00e9"},"content":{"rendered":"","protected":false},"excerpt":{"rendered":"<p>Ce magnifique accroche-fen\u00eatre en cristal de roche attire tous les regards dans la pi\u00e8ce\/la fen\u00eatre, lorsque le soleil brille, les cristaux brillent.<\/p>\n<p>Ce magnifique attrape-soleil aura \u00e9galement fi\u00e8re allure dans la chambre et le salon.<\/p>\n<p>Le cristal de roche r\u00e9gule l&rsquo;\u00e9nergie, donne de l&rsquo;\u00e9nergie et stocke l&rsquo;\u00e9nergie en fonction des besoins \u00e0 un moment donn\u00e9.<\/p>\n<p>Cette pierre pr\u00e9cieuse transparente favorise la concentration et vous permet de penser clairement. Le cristal de roche a le pouvoir de renforcer les autres pierres pr\u00e9cieuses.<\/p>\n<p>D\u00e9tails:<br \/>\n\u30fbPierres pr\u00e9cieuses en strass et diamant taill\u00e9 en verre<br \/>\n\u30fbY compris la carte de signification<br \/>\n\u30fbDiam\u00e8tre du pendentif : 8 cm<br \/>\n\u30fbLongueur totale : 34 cm<\/p>\n","protected":false},"featured_media":46399,"template":"","meta":[],"product_brand":[],"product_cat":[19,40,53,885],"product_tag":[],"class_list":{"0":"post-46398","1":"product","2":"type-product","3":"status-publish","4":"has-post-thumbnail","6":"product_cat-decoration","7":"product_cat-jardin","8":"product_cat-pendentifs","9":"product_cat-suspension-decorative","10":"description-off","12":"first","13":"instock","14":"shipping-taxable","15":"purchasable","16":"product-type-simple"},"_links":{"self":[{"href":"https:\/\/www.sweetmaloryne.com\/boutique\/wp-json\/wp\/v2\/product\/46398","targetHints":{"allow":["GET"]}}],"collection":[{"href":"https:\/\/www.sweetmaloryne.com\/boutique\/wp-json\/wp\/v2\/product"}],"about":[{"href":"https:\/\/www.sweetmaloryne.com\/boutique\/wp-json\/wp\/v2\/types\/product"}],"wp:featuredmedia":[{"embeddable":true,"href":"https:\/\/www.sweetmaloryne.com\/boutique\/wp-json\/wp\/v2\/media\/46399"}],"wp:attachment":[{"href":"https:\/\/www.sweetmaloryne.com\/boutique\/wp-json\/wp\/v2\/media?parent=46398"}],"wp:term":[{"taxonomy":"product_brand","embeddable":true,"href":"https:\/\/www.sweetmaloryne.com\/boutique\/wp-json\/wp\/v2\/product_brand?post=46398"},{"taxonomy":"product_cat","embeddable":true,"href":"https:\/\/www.sweetmaloryne.com\/boutique\/wp-json\/wp\/v2\/product_cat?post=46398"},{"taxonomy":"product_tag","embeddable":true,"href":"https:\/\/www.sweetmaloryne.com\/boutique\/wp-json\/wp\/v2\/product_tag?post=46398"}],"curies":[{"name":"wp","href":"https:\/\/api.w.org\/{rel}","templated":true}]}}