{"id":46405,"date":"2025-05-23T11:07:12","date_gmt":"2025-05-23T09:07:12","guid":{"rendered":"https:\/\/www.sweetmaloryne.com\/boutique\/?post_type=product&#038;p=46405"},"modified":"2025-06-17T18:02:38","modified_gmt":"2025-06-17T16:02:38","slug":"collier-doree-tortue","status":"publish","type":"product","link":"https:\/\/www.sweetmaloryne.com\/boutique\/produit\/collier-doree-tortue\/","title":{"rendered":"Collier Dor\u00e9e Tortue"},"content":{"rendered":"","protected":false},"excerpt":{"rendered":"<p>Joli collier dor\u00e9e avec un charme de tortue. Longueur: 40 + 6 cm Collier d&rsquo;extension<br \/>\nIl s&rsquo;agit d&rsquo;un \u00e9l\u00e9gant collier dor\u00e9e avec un pendentif de tortue.<\/p>\n<p>Le collier a une apparence subtile et raffin\u00e9e, ce qui en fait un bel accessoire pour chaque occasion.<\/p>\n<p>Le charme de tortue ajoute une touche naturelle et organique, donnant \u00e0 la cha\u00eene un caract\u00e8re unique et personnel.<\/p>\n<p>Ce collier est un magnifique bijou qui est \u00e0 la fois \u00e9l\u00e9gant et portable.<\/p>\n","protected":false},"featured_media":46406,"template":"","meta":[],"product_brand":[900],"product_cat":[24,42,20],"product_tag":[],"class_list":{"0":"post-46405","1":"product","2":"type-product","3":"status-publish","4":"has-post-thumbnail","6":"product_brand-love-ibiza","7":"product_cat-bijoux","8":"product_cat-colliers","9":"product_cat-lifestyle","10":"description-off","12":"first","13":"instock","14":"shipping-taxable","15":"purchasable","16":"product-type-simple"},"_links":{"self":[{"href":"https:\/\/www.sweetmaloryne.com\/boutique\/wp-json\/wp\/v2\/product\/46405","targetHints":{"allow":["GET"]}}],"collection":[{"href":"https:\/\/www.sweetmaloryne.com\/boutique\/wp-json\/wp\/v2\/product"}],"about":[{"href":"https:\/\/www.sweetmaloryne.com\/boutique\/wp-json\/wp\/v2\/types\/product"}],"wp:featuredmedia":[{"embeddable":true,"href":"https:\/\/www.sweetmaloryne.com\/boutique\/wp-json\/wp\/v2\/media\/46406"}],"wp:attachment":[{"href":"https:\/\/www.sweetmaloryne.com\/boutique\/wp-json\/wp\/v2\/media?parent=46405"}],"wp:term":[{"taxonomy":"product_brand","embeddable":true,"href":"https:\/\/www.sweetmaloryne.com\/boutique\/wp-json\/wp\/v2\/product_brand?post=46405"},{"taxonomy":"product_cat","embeddable":true,"href":"https:\/\/www.sweetmaloryne.com\/boutique\/wp-json\/wp\/v2\/product_cat?post=46405"},{"taxonomy":"product_tag","embeddable":true,"href":"https:\/\/www.sweetmaloryne.com\/boutique\/wp-json\/wp\/v2\/product_tag?post=46405"}],"curies":[{"name":"wp","href":"https:\/\/api.w.org\/{rel}","templated":true}]}}