{"id":46408,"date":"2025-05-23T11:10:36","date_gmt":"2025-05-23T09:10:36","guid":{"rendered":"https:\/\/www.sweetmaloryne.com\/boutique\/?post_type=product&#038;p=46408"},"modified":"2025-05-23T11:13:06","modified_gmt":"2025-05-23T09:13:06","slug":"collier-perle-blanche-et-papillon","status":"publish","type":"product","link":"https:\/\/www.sweetmaloryne.com\/boutique\/produit\/collier-perle-blanche-et-papillon\/","title":{"rendered":"Collier Perle Blanche et Papillon"},"content":{"rendered":"","protected":false},"excerpt":{"rendered":"<p>Beau collier avec des perles et un charme de papillon dor\u00e9. Mat\u00e9riau: Longueur en acier inoxydable: 45 cm<br \/>\nCeci est un beau collier qui ajoute une \u00e9l\u00e9gance subtile \u00e0 votre look.<\/p>\n<p>La combinaison de perles et d&rsquo;un bip de papillon dor\u00e9 cr\u00e9e un accent gracieux et f\u00e9minin.<\/p>\n<p>Le mat\u00e9riau en acier inoxydable garantit la durabilit\u00e9 et le confort.<\/p>\n<p>Ce collier est un accessoire polyvalent qui peut \u00eatre port\u00e9 \u00e0 la fois d\u00e9contract\u00e9 et chic, ce qui en fait un ajout pr\u00e9cieux \u00e0 votre collection de bijoux.<\/p>\n","protected":false},"featured_media":46409,"template":"","meta":[],"product_brand":[900],"product_cat":[24,42,20],"product_tag":[],"class_list":{"0":"post-46408","1":"product","2":"type-product","3":"status-publish","4":"has-post-thumbnail","6":"product_brand-love-ibiza","7":"product_cat-bijoux","8":"product_cat-colliers","9":"product_cat-lifestyle","10":"description-off","12":"first","13":"instock","14":"shipping-taxable","15":"purchasable","16":"product-type-simple"},"_links":{"self":[{"href":"https:\/\/www.sweetmaloryne.com\/boutique\/wp-json\/wp\/v2\/product\/46408","targetHints":{"allow":["GET"]}}],"collection":[{"href":"https:\/\/www.sweetmaloryne.com\/boutique\/wp-json\/wp\/v2\/product"}],"about":[{"href":"https:\/\/www.sweetmaloryne.com\/boutique\/wp-json\/wp\/v2\/types\/product"}],"wp:featuredmedia":[{"embeddable":true,"href":"https:\/\/www.sweetmaloryne.com\/boutique\/wp-json\/wp\/v2\/media\/46409"}],"wp:attachment":[{"href":"https:\/\/www.sweetmaloryne.com\/boutique\/wp-json\/wp\/v2\/media?parent=46408"}],"wp:term":[{"taxonomy":"product_brand","embeddable":true,"href":"https:\/\/www.sweetmaloryne.com\/boutique\/wp-json\/wp\/v2\/product_brand?post=46408"},{"taxonomy":"product_cat","embeddable":true,"href":"https:\/\/www.sweetmaloryne.com\/boutique\/wp-json\/wp\/v2\/product_cat?post=46408"},{"taxonomy":"product_tag","embeddable":true,"href":"https:\/\/www.sweetmaloryne.com\/boutique\/wp-json\/wp\/v2\/product_tag?post=46408"}],"curies":[{"name":"wp","href":"https:\/\/api.w.org\/{rel}","templated":true}]}}