{"id":46454,"date":"2025-05-23T14:53:14","date_gmt":"2025-05-23T12:53:14","guid":{"rendered":"https:\/\/www.sweetmaloryne.com\/boutique\/?post_type=product&#038;p=46454"},"modified":"2025-05-23T14:54:13","modified_gmt":"2025-05-23T12:54:13","slug":"bracelet-louise-blanc","status":"publish","type":"product","link":"https:\/\/www.sweetmaloryne.com\/boutique\/produit\/bracelet-louise-blanc\/","title":{"rendered":"Bracelet LOUISE Blanc"},"content":{"rendered":"","protected":false},"excerpt":{"rendered":"<p>Bracelet compos\u00e9 de perles de verre miyuki et d&rsquo;un beau fermoir en acier inoxydable.<\/p>\n<p>Le bracelet a \u00e9galement une breloque en acier inoxydable en forme de tr\u00e8fle \u00e0 4 feuilles.<\/p>\n","protected":false},"featured_media":46456,"template":"","meta":[],"product_brand":[894],"product_cat":[24,49,20],"product_tag":[],"class_list":{"0":"post-46454","1":"product","2":"type-product","3":"status-publish","4":"has-post-thumbnail","6":"product_brand-taboo","7":"product_cat-bijoux","8":"product_cat-bracelets","9":"product_cat-lifestyle","10":"description-off","12":"first","13":"instock","14":"shipping-taxable","15":"purchasable","16":"product-type-simple"},"_links":{"self":[{"href":"https:\/\/www.sweetmaloryne.com\/boutique\/wp-json\/wp\/v2\/product\/46454","targetHints":{"allow":["GET"]}}],"collection":[{"href":"https:\/\/www.sweetmaloryne.com\/boutique\/wp-json\/wp\/v2\/product"}],"about":[{"href":"https:\/\/www.sweetmaloryne.com\/boutique\/wp-json\/wp\/v2\/types\/product"}],"wp:featuredmedia":[{"embeddable":true,"href":"https:\/\/www.sweetmaloryne.com\/boutique\/wp-json\/wp\/v2\/media\/46456"}],"wp:attachment":[{"href":"https:\/\/www.sweetmaloryne.com\/boutique\/wp-json\/wp\/v2\/media?parent=46454"}],"wp:term":[{"taxonomy":"product_brand","embeddable":true,"href":"https:\/\/www.sweetmaloryne.com\/boutique\/wp-json\/wp\/v2\/product_brand?post=46454"},{"taxonomy":"product_cat","embeddable":true,"href":"https:\/\/www.sweetmaloryne.com\/boutique\/wp-json\/wp\/v2\/product_cat?post=46454"},{"taxonomy":"product_tag","embeddable":true,"href":"https:\/\/www.sweetmaloryne.com\/boutique\/wp-json\/wp\/v2\/product_tag?post=46454"}],"curies":[{"name":"wp","href":"https:\/\/api.w.org\/{rel}","templated":true}]}}