{"id":46554,"date":"2025-05-26T11:33:39","date_gmt":"2025-05-26T09:33:39","guid":{"rendered":"https:\/\/www.sweetmaloryne.com\/boutique\/?post_type=product&#038;p=46554"},"modified":"2025-12-24T14:37:31","modified_gmt":"2025-12-24T13:37:31","slug":"piquet-fleur-metal-rouille-o18cm-h-130cm","status":"publish","type":"product","link":"https:\/\/www.sweetmaloryne.com\/boutique\/produit\/piquet-fleur-metal-rouille-o18cm-h-130cm\/","title":{"rendered":"Piquet Fleur M\u00e9tal Rouill\u00e9 \u00f818cm H.130cm"},"content":{"rendered":"","protected":false},"excerpt":{"rendered":"<p>Apportez une touche antique \u00e0 vos ext\u00e9rieurs avec la fleur en m\u00e9tal rouill\u00e9.<\/p>\n<p>Vous d\u00e9couvrirez dans votre boutique Sweet Maloryne diff\u00e9rents mod\u00e8les.<\/p>\n<p>Pour un envoi par colis, la longueur du piquet sera recoup\u00e9 entre 800 et 1000mm selon le diam\u00e8tre de la fleur.<\/p>\n","protected":false},"featured_media":46629,"template":"","meta":[],"product_brand":[901],"product_cat":[40,879],"product_tag":[],"class_list":{"0":"post-46554","1":"product","2":"type-product","3":"status-publish","4":"has-post-thumbnail","6":"product_brand-hermes","7":"product_cat-jardin","8":"product_cat-piquet-decoratif","9":"description-off","11":"first","12":"instock","13":"shipping-taxable","14":"purchasable","15":"product-type-simple"},"_links":{"self":[{"href":"https:\/\/www.sweetmaloryne.com\/boutique\/wp-json\/wp\/v2\/product\/46554","targetHints":{"allow":["GET"]}}],"collection":[{"href":"https:\/\/www.sweetmaloryne.com\/boutique\/wp-json\/wp\/v2\/product"}],"about":[{"href":"https:\/\/www.sweetmaloryne.com\/boutique\/wp-json\/wp\/v2\/types\/product"}],"wp:featuredmedia":[{"embeddable":true,"href":"https:\/\/www.sweetmaloryne.com\/boutique\/wp-json\/wp\/v2\/media\/46629"}],"wp:attachment":[{"href":"https:\/\/www.sweetmaloryne.com\/boutique\/wp-json\/wp\/v2\/media?parent=46554"}],"wp:term":[{"taxonomy":"product_brand","embeddable":true,"href":"https:\/\/www.sweetmaloryne.com\/boutique\/wp-json\/wp\/v2\/product_brand?post=46554"},{"taxonomy":"product_cat","embeddable":true,"href":"https:\/\/www.sweetmaloryne.com\/boutique\/wp-json\/wp\/v2\/product_cat?post=46554"},{"taxonomy":"product_tag","embeddable":true,"href":"https:\/\/www.sweetmaloryne.com\/boutique\/wp-json\/wp\/v2\/product_tag?post=46554"}],"curies":[{"name":"wp","href":"https:\/\/api.w.org\/{rel}","templated":true}]}}