{"id":46684,"date":"2025-05-28T15:32:46","date_gmt":"2025-05-28T13:32:46","guid":{"rendered":"https:\/\/www.sweetmaloryne.com\/boutique\/?post_type=product&#038;p=46684"},"modified":"2025-09-26T14:42:50","modified_gmt":"2025-09-26T12:42:50","slug":"lanterne-solaire-en-metal-noir-decor-floral-2-modeles-au-choix-o12cm-h-20cm","status":"publish","type":"product","link":"https:\/\/www.sweetmaloryne.com\/boutique\/produit\/lanterne-solaire-en-metal-noir-decor-floral-2-modeles-au-choix-o12cm-h-20cm\/","title":{"rendered":"Lanterne Solaire en M\u00e9tal Noir D\u00e9cor Floral, 2 Mod\u00e8les au Choix, \u00f812cm H.20cm"},"content":{"rendered":"","protected":false},"excerpt":{"rendered":"","protected":false},"featured_media":46632,"template":"","meta":[],"product_brand":[902],"product_cat":[19,886,40,39,860],"product_tag":[],"class_list":{"0":"post-46684","1":"product","2":"type-product","3":"status-publish","4":"has-post-thumbnail","6":"product_brand-iko","7":"product_cat-decoration","8":"product_cat-decoration-solaire","9":"product_cat-jardin","10":"product_cat-luminaires","11":"product_cat-solaires","12":"description-off","14":"first","15":"instock","16":"shipping-taxable","17":"purchasable","18":"product-type-simple"},"_links":{"self":[{"href":"https:\/\/www.sweetmaloryne.com\/boutique\/wp-json\/wp\/v2\/product\/46684","targetHints":{"allow":["GET"]}}],"collection":[{"href":"https:\/\/www.sweetmaloryne.com\/boutique\/wp-json\/wp\/v2\/product"}],"about":[{"href":"https:\/\/www.sweetmaloryne.com\/boutique\/wp-json\/wp\/v2\/types\/product"}],"wp:featuredmedia":[{"embeddable":true,"href":"https:\/\/www.sweetmaloryne.com\/boutique\/wp-json\/wp\/v2\/media\/46632"}],"wp:attachment":[{"href":"https:\/\/www.sweetmaloryne.com\/boutique\/wp-json\/wp\/v2\/media?parent=46684"}],"wp:term":[{"taxonomy":"product_brand","embeddable":true,"href":"https:\/\/www.sweetmaloryne.com\/boutique\/wp-json\/wp\/v2\/product_brand?post=46684"},{"taxonomy":"product_cat","embeddable":true,"href":"https:\/\/www.sweetmaloryne.com\/boutique\/wp-json\/wp\/v2\/product_cat?post=46684"},{"taxonomy":"product_tag","embeddable":true,"href":"https:\/\/www.sweetmaloryne.com\/boutique\/wp-json\/wp\/v2\/product_tag?post=46684"}],"curies":[{"name":"wp","href":"https:\/\/api.w.org\/{rel}","templated":true}]}}