{"id":46964,"date":"2025-06-13T14:29:24","date_gmt":"2025-06-13T12:29:24","guid":{"rendered":"https:\/\/www.sweetmaloryne.com\/boutique\/?post_type=product&#038;p=46964"},"modified":"2026-01-22T15:48:26","modified_gmt":"2026-01-22T14:48:26","slug":"toile-cerf-noir-blanc-aux-bois-dores-40x60cm","status":"publish","type":"product","link":"https:\/\/www.sweetmaloryne.com\/boutique\/produit\/toile-cerf-noir-blanc-aux-bois-dores-40x60cm\/","title":{"rendered":"Toile Cerf Noir &#038; Blanc aux Bois Dor\u00e9s 40x60cm"},"content":{"rendered":"","protected":false},"excerpt":{"rendered":"<div data-v-9be15394=\"\">\n<div class=\"content-translations leading-loose text-black\">\n<p>Portrait d&rsquo;un cerf aux bois dor\u00e9s en noir et blanc.<\/p>\n<p>Ce magnifique tableau sur toile est parfait pour le salon ou la chambre, par exemple !<\/p>\n<\/div>\n<div class=\"content-translations leading-loose text-black\">L&rsquo;image que vous avez choisie est imprim\u00e9e sur la toile dans la plus haute r\u00e9solution.<\/div>\n<div class=\"content-translations leading-loose text-black\">Cela garantit une impression super nette et inalt\u00e9rable sur toile avec des couleurs vives.<\/div>\n<div class=\"content-translations leading-loose text-black\">Les c\u00f4t\u00e9s de la toile sont imprim\u00e9s avec le fond perdu de la photo. De cette fa\u00e7on, ces c\u00f4t\u00e9s de la toile correspondent \u00e9galement \u00e0 la photo.<\/div>\n<div class=\"content-translations leading-loose text-black\">La photo est imprim\u00e9e sur une toile robuste de 260 grammes de 0,41 mm d&rsquo;\u00e9paisseur.<\/div>\n<div class=\"content-translations leading-loose text-black\">La toile est bien tendu sur un ch\u00e2ssis en bois de deux centim\u00e8tres d&rsquo;\u00e9paisseur. Ce cadre en bois est en bois de pin de qualit\u00e9 certifi\u00e9 PEFC.<\/div>\n<\/div>\n","protected":false},"featured_media":44952,"template":"","meta":[],"product_brand":[],"product_cat":[27,19,67],"product_tag":[],"class_list":{"0":"post-46964","1":"product","2":"type-product","3":"status-publish","4":"has-post-thumbnail","6":"product_cat-deco-murale","7":"product_cat-decoration","8":"product_cat-toiles","9":"description-off","11":"first","12":"instock","13":"shipping-taxable","14":"purchasable","15":"product-type-simple"},"_links":{"self":[{"href":"https:\/\/www.sweetmaloryne.com\/boutique\/wp-json\/wp\/v2\/product\/46964","targetHints":{"allow":["GET"]}}],"collection":[{"href":"https:\/\/www.sweetmaloryne.com\/boutique\/wp-json\/wp\/v2\/product"}],"about":[{"href":"https:\/\/www.sweetmaloryne.com\/boutique\/wp-json\/wp\/v2\/types\/product"}],"wp:featuredmedia":[{"embeddable":true,"href":"https:\/\/www.sweetmaloryne.com\/boutique\/wp-json\/wp\/v2\/media\/44952"}],"wp:attachment":[{"href":"https:\/\/www.sweetmaloryne.com\/boutique\/wp-json\/wp\/v2\/media?parent=46964"}],"wp:term":[{"taxonomy":"product_brand","embeddable":true,"href":"https:\/\/www.sweetmaloryne.com\/boutique\/wp-json\/wp\/v2\/product_brand?post=46964"},{"taxonomy":"product_cat","embeddable":true,"href":"https:\/\/www.sweetmaloryne.com\/boutique\/wp-json\/wp\/v2\/product_cat?post=46964"},{"taxonomy":"product_tag","embeddable":true,"href":"https:\/\/www.sweetmaloryne.com\/boutique\/wp-json\/wp\/v2\/product_tag?post=46964"}],"curies":[{"name":"wp","href":"https:\/\/api.w.org\/{rel}","templated":true}]}}