{"id":47141,"date":"2025-06-26T17:23:00","date_gmt":"2025-06-26T15:23:00","guid":{"rendered":"https:\/\/www.sweetmaloryne.com\/boutique\/?post_type=product&#038;p=47141"},"modified":"2026-01-22T16:40:24","modified_gmt":"2026-01-22T15:40:24","slug":"panneau-deco-cerf-50x40","status":"publish","type":"product","link":"https:\/\/www.sweetmaloryne.com\/boutique\/produit\/panneau-deco-cerf-50x40\/","title":{"rendered":"Panneau D\u00e9co Cerf Floral 50x40cm"},"content":{"rendered":"","protected":false},"excerpt":{"rendered":"<p>Cette peinture se compose d&rsquo;une affiche qui est trait\u00e9e sur un panneau MDF de 3 mm d&rsquo;\u00e9paisseur.<\/p>\n<p>Un cadre solide de pas moins de 2 cm d&rsquo;\u00e9paisseur a \u00e9t\u00e9 appliqu\u00e9 au dos.<br \/>\nCette d\u00e9coration murale peut facilement \u00eatre accroch\u00e9e dessus et elle obtient un effet flottant sp\u00e9cial.<\/p>\n<p>Cette d\u00e9coration murale convient \u00e0 toutes les pi\u00e8ces de la maison.<\/p>\n","protected":false},"featured_media":47146,"template":"","meta":[],"product_brand":[],"product_cat":[27,19,67],"product_tag":[],"class_list":{"0":"post-47141","1":"product","2":"type-product","3":"status-publish","4":"has-post-thumbnail","6":"product_cat-deco-murale","7":"product_cat-decoration","8":"product_cat-toiles","9":"description-off","11":"first","12":"instock","13":"shipping-taxable","14":"purchasable","15":"product-type-simple"},"_links":{"self":[{"href":"https:\/\/www.sweetmaloryne.com\/boutique\/wp-json\/wp\/v2\/product\/47141","targetHints":{"allow":["GET"]}}],"collection":[{"href":"https:\/\/www.sweetmaloryne.com\/boutique\/wp-json\/wp\/v2\/product"}],"about":[{"href":"https:\/\/www.sweetmaloryne.com\/boutique\/wp-json\/wp\/v2\/types\/product"}],"wp:featuredmedia":[{"embeddable":true,"href":"https:\/\/www.sweetmaloryne.com\/boutique\/wp-json\/wp\/v2\/media\/47146"}],"wp:attachment":[{"href":"https:\/\/www.sweetmaloryne.com\/boutique\/wp-json\/wp\/v2\/media?parent=47141"}],"wp:term":[{"taxonomy":"product_brand","embeddable":true,"href":"https:\/\/www.sweetmaloryne.com\/boutique\/wp-json\/wp\/v2\/product_brand?post=47141"},{"taxonomy":"product_cat","embeddable":true,"href":"https:\/\/www.sweetmaloryne.com\/boutique\/wp-json\/wp\/v2\/product_cat?post=47141"},{"taxonomy":"product_tag","embeddable":true,"href":"https:\/\/www.sweetmaloryne.com\/boutique\/wp-json\/wp\/v2\/product_tag?post=47141"}],"curies":[{"name":"wp","href":"https:\/\/api.w.org\/{rel}","templated":true}]}}