{"id":47162,"date":"2026-02-23T09:49:08","date_gmt":"2026-02-23T08:49:08","guid":{"rendered":"https:\/\/www.sweetmaloryne.com\/boutique\/?post_type=product&#038;p=47162"},"modified":"2026-02-23T10:56:17","modified_gmt":"2026-02-23T09:56:17","slug":"wc-highlander-a-cadre-mince-70x50cm","status":"publish","type":"product","link":"https:\/\/www.sweetmaloryne.com\/boutique\/produit\/wc-highlander-a-cadre-mince-70x50cm\/","title":{"rendered":"Peinture Encadr\u00e9e \u00ab\u00a0Highland WC\u00a0\u00bb 70x50cm"},"content":{"rendered":"<p>Uniquement en retrait \u00e0 la boutique<\/p>\n","protected":false},"excerpt":{"rendered":"<p>Une affiche de haute qualit\u00e9 trait\u00e9e sur un panneau MDF de 3 mm d&rsquo;\u00e9paisseur.<\/p>\n<p>Cet imprim\u00e9 est encadr\u00e9 par un cadre fin.<\/p>\n<p>Vous pouvez poser cette d\u00e9coration murale ou l&rsquo;accrocher.<\/p>\n<p>&nbsp;<\/p>\n","protected":false},"featured_media":47166,"template":"","meta":[],"product_brand":[],"product_cat":[27,19,658,67],"product_tag":[],"class_list":{"0":"post-47162","1":"product","2":"type-product","3":"status-publish","4":"has-post-thumbnail","6":"product_cat-deco-murale","7":"product_cat-decoration","8":"product_cat-nouveautes","9":"product_cat-toiles","10":"description-off","12":"first","13":"instock","14":"shipping-taxable","15":"purchasable","16":"product-type-simple"},"_links":{"self":[{"href":"https:\/\/www.sweetmaloryne.com\/boutique\/wp-json\/wp\/v2\/product\/47162","targetHints":{"allow":["GET"]}}],"collection":[{"href":"https:\/\/www.sweetmaloryne.com\/boutique\/wp-json\/wp\/v2\/product"}],"about":[{"href":"https:\/\/www.sweetmaloryne.com\/boutique\/wp-json\/wp\/v2\/types\/product"}],"wp:featuredmedia":[{"embeddable":true,"href":"https:\/\/www.sweetmaloryne.com\/boutique\/wp-json\/wp\/v2\/media\/47166"}],"wp:attachment":[{"href":"https:\/\/www.sweetmaloryne.com\/boutique\/wp-json\/wp\/v2\/media?parent=47162"}],"wp:term":[{"taxonomy":"product_brand","embeddable":true,"href":"https:\/\/www.sweetmaloryne.com\/boutique\/wp-json\/wp\/v2\/product_brand?post=47162"},{"taxonomy":"product_cat","embeddable":true,"href":"https:\/\/www.sweetmaloryne.com\/boutique\/wp-json\/wp\/v2\/product_cat?post=47162"},{"taxonomy":"product_tag","embeddable":true,"href":"https:\/\/www.sweetmaloryne.com\/boutique\/wp-json\/wp\/v2\/product_tag?post=47162"}],"curies":[{"name":"wp","href":"https:\/\/api.w.org\/{rel}","templated":true}]}}