{"id":47192,"date":"2025-06-18T11:46:11","date_gmt":"2025-06-18T09:46:11","guid":{"rendered":"https:\/\/www.sweetmaloryne.com\/boutique\/?post_type=product&#038;p=47192"},"modified":"2025-06-18T11:47:19","modified_gmt":"2025-06-18T09:47:19","slug":"bague-doree-ajustable-trio-de-fleurs-solaires","status":"publish","type":"product","link":"https:\/\/www.sweetmaloryne.com\/boutique\/produit\/bague-doree-ajustable-trio-de-fleurs-solaires\/","title":{"rendered":"Bague Dor\u00e9e Ajustable Trio De Fleurs Solaires"},"content":{"rendered":"","protected":false},"excerpt":{"rendered":"<p>Tous nos produits sont fabriqu\u00e9s en acier inoxydable, un mat\u00e9riel qui r\u00e9siste \u00e0 l&rsquo;eau et ne se rouille pas dans le temps.<\/p>\n<p>Ils sont garantis sans nickel, sans cadmium et sans sel de plomb.<\/p>\n<p>&nbsp;<\/p>\n","protected":false},"featured_media":47193,"template":"","meta":[],"product_brand":[905],"product_cat":[61,24,20],"product_tag":[],"class_list":{"0":"post-47192","1":"product","2":"type-product","3":"status-publish","4":"has-post-thumbnail","6":"product_brand-eclat-paris","7":"product_cat-bagues","8":"product_cat-bijoux","9":"product_cat-lifestyle","10":"description-off","12":"first","13":"instock","14":"shipping-taxable","15":"purchasable","16":"product-type-simple"},"_links":{"self":[{"href":"https:\/\/www.sweetmaloryne.com\/boutique\/wp-json\/wp\/v2\/product\/47192","targetHints":{"allow":["GET"]}}],"collection":[{"href":"https:\/\/www.sweetmaloryne.com\/boutique\/wp-json\/wp\/v2\/product"}],"about":[{"href":"https:\/\/www.sweetmaloryne.com\/boutique\/wp-json\/wp\/v2\/types\/product"}],"wp:featuredmedia":[{"embeddable":true,"href":"https:\/\/www.sweetmaloryne.com\/boutique\/wp-json\/wp\/v2\/media\/47193"}],"wp:attachment":[{"href":"https:\/\/www.sweetmaloryne.com\/boutique\/wp-json\/wp\/v2\/media?parent=47192"}],"wp:term":[{"taxonomy":"product_brand","embeddable":true,"href":"https:\/\/www.sweetmaloryne.com\/boutique\/wp-json\/wp\/v2\/product_brand?post=47192"},{"taxonomy":"product_cat","embeddable":true,"href":"https:\/\/www.sweetmaloryne.com\/boutique\/wp-json\/wp\/v2\/product_cat?post=47192"},{"taxonomy":"product_tag","embeddable":true,"href":"https:\/\/www.sweetmaloryne.com\/boutique\/wp-json\/wp\/v2\/product_tag?post=47192"}],"curies":[{"name":"wp","href":"https:\/\/api.w.org\/{rel}","templated":true}]}}