{"id":47211,"date":"2025-06-18T14:52:20","date_gmt":"2025-06-18T12:52:20","guid":{"rendered":"https:\/\/www.sweetmaloryne.com\/boutique\/?post_type=product&#038;p=47211"},"modified":"2026-04-02T11:33:47","modified_gmt":"2026-04-02T09:33:47","slug":"bonbons-artisanaux-saveur-passion-fruit-bliss-bio-boite-de-45g-edition-ete-2025","status":"publish","type":"product","link":"https:\/\/www.sweetmaloryne.com\/boutique\/produit\/bonbons-artisanaux-saveur-passion-fruit-bliss-bio-boite-de-45g-edition-ete-2025\/","title":{"rendered":"Bonbons Artisanaux | Saveur Passion Fruit Bliss BIO | Boite de 45g | Edition \u00e9t\u00e9 2025"},"content":{"rendered":"","protected":false},"excerpt":{"rendered":"<h4 class=\"ak-heading--4 ds-text-primary\" data-v-31657ff4=\"\" data-v-d3709afa=\"\">Description<\/h4>\n<div data-v-cbba9010=\"\" data-v-d3709afa=\"\">\n<div class=\"rich-description ds-text-base ds-text-neutral-900 text-collapsed\" data-v-cbba9010=\"\">D\u00e9bordants de la saveur exotique des fruits de la passion m\u00fbrs, chaque bonbon vous transporte dans un paradis insulaire baign\u00e9 de soleil.<\/p>\n<p>Indulgez-vous dans la douceur luxuriante et l&rsquo;ar\u00f4me vibrant de cette sensation estivale.<\/p><\/div>\n<div data-v-cbba9010=\"\"><\/div>\n<\/div>\n<div class=\"variant-shape-properties\" data-v-8468e13d=\"\" data-v-d3709afa=\"\"><strong>Liste des ingr\u00e9dients<\/strong><\/div>\n<div class=\"description\" data-v-d3709afa=\"\">\n<div data-v-cbba9010=\"\" data-v-d3709afa=\"\">\n<div class=\"rich-description ds-text-base ds-text-neutral-900 text-collapsed\" data-v-cbba9010=\"\">sucre de canne*, sirop de glucose*, acidifiant : acide citrique, concentre\u0301 (carotte*, potiron*, pomme*), aro\u0302me naturel de passion. Valeurs nutritionnelles pour 100 g: \u00e9nergie 389 kcal\/1 630 Kj; mati\u00e8res grasses 0 g dont AGS 0 g; glucides 96 g dont sucres 69 g; prot\u00e9ines 0 g; sel 0 g. Peut contenir des traces d\u2019arachides, amandes, noisettes et lait.<\/div>\n<\/div>\n<\/div>\n","protected":false},"featured_media":47214,"template":"","meta":[],"product_brand":[],"product_cat":[29,41,20],"product_tag":[],"class_list":{"0":"post-47211","1":"product","2":"type-product","3":"status-publish","4":"has-post-thumbnail","6":"product_cat-cuisine","7":"product_cat-kids","8":"product_cat-lifestyle","9":"description-off","11":"first","12":"instock","13":"shipping-taxable","14":"purchasable","15":"product-type-simple"},"_links":{"self":[{"href":"https:\/\/www.sweetmaloryne.com\/boutique\/wp-json\/wp\/v2\/product\/47211","targetHints":{"allow":["GET"]}}],"collection":[{"href":"https:\/\/www.sweetmaloryne.com\/boutique\/wp-json\/wp\/v2\/product"}],"about":[{"href":"https:\/\/www.sweetmaloryne.com\/boutique\/wp-json\/wp\/v2\/types\/product"}],"wp:featuredmedia":[{"embeddable":true,"href":"https:\/\/www.sweetmaloryne.com\/boutique\/wp-json\/wp\/v2\/media\/47214"}],"wp:attachment":[{"href":"https:\/\/www.sweetmaloryne.com\/boutique\/wp-json\/wp\/v2\/media?parent=47211"}],"wp:term":[{"taxonomy":"product_brand","embeddable":true,"href":"https:\/\/www.sweetmaloryne.com\/boutique\/wp-json\/wp\/v2\/product_brand?post=47211"},{"taxonomy":"product_cat","embeddable":true,"href":"https:\/\/www.sweetmaloryne.com\/boutique\/wp-json\/wp\/v2\/product_cat?post=47211"},{"taxonomy":"product_tag","embeddable":true,"href":"https:\/\/www.sweetmaloryne.com\/boutique\/wp-json\/wp\/v2\/product_tag?post=47211"}],"curies":[{"name":"wp","href":"https:\/\/api.w.org\/{rel}","templated":true}]}}