{"id":47215,"date":"2025-06-18T14:55:24","date_gmt":"2025-06-18T12:55:24","guid":{"rendered":"https:\/\/www.sweetmaloryne.com\/boutique\/?post_type=product&#038;p=47215"},"modified":"2025-09-26T14:48:20","modified_gmt":"2025-09-26T12:48:20","slug":"saint-ange-bio-bonbons-artisanaux-saveur-framboise-boite-50-g","status":"publish","type":"product","link":"https:\/\/www.sweetmaloryne.com\/boutique\/produit\/saint-ange-bio-bonbons-artisanaux-saveur-framboise-boite-50-g\/","title":{"rendered":"Saint Ange BIO | Bonbons Artisanaux | Saveur Framboise | Bo\u00eete 50 g"},"content":{"rendered":"","protected":false},"excerpt":{"rendered":"<h4 class=\"ak-heading--4 ds-text-primary\" data-v-31657ff4=\"\" data-v-d3709afa=\"\">Description<\/h4>\n<div data-v-cbba9010=\"\" data-v-d3709afa=\"\">\n<div class=\"rich-description ds-text-base ds-text-neutral-900 gradient-ellipsis\" data-v-cbba9010=\"\">Saveur Fruit\u00e9e Certifi\u00e9e BIO : Les Pastilles Saint-Ange \u00e0 la Framboise offrent une exp\u00e9rience fruit\u00e9e certifi\u00e9e BIO, alliant la douceur de la framboise au savoir-faire artisanal fran\u00e7ais pour une d\u00e9gustation unique.<\/p>\n<p>Artisanat Fran\u00e7ais Authentique : Con\u00e7ues de mani\u00e8re artisanale en France, ces pastilles perp\u00e9tuent la tradition des bonbons fran\u00e7ais, garantissant une qualit\u00e9 et une authenticit\u00e9 exceptionnelles \u00e0 chaque bouch\u00e9e.<\/p>\n<p>Conformit\u00e9 aux Normes Hygi\u00e9niques (HACCP) : Ce produit est conforme aux bonnes pratiques d&rsquo;hygi\u00e8ne, avec une \u00e9tude HACCP en place, assurant une s\u00e9curit\u00e9 alimentaire optimale et une production sans compromis.<\/p>\n<p>Certification BIO ECOCERT : Ces d\u00e9lices sont certifi\u00e9s conformes au r\u00e9f\u00e9rentiel BIO du r\u00e8glement 889\/2008 par l&rsquo;organisme ECOCERT, t\u00e9moignant de l&rsquo;engagement envers des pratiques agricoles durables et respectueuses de l&rsquo;environnement.<\/p>\n<p>Distribu\u00e9 par OTC Concept (63170 Aubi\u00e8re) : OTC Concept offre une tra\u00e7abilit\u00e9 exemplaire et une garantie de qualit\u00e9 \u00e0 chaque d\u00e9gustation. D\u00e9couvrez l&rsquo;authenticit\u00e9 des Pastilles Saint-Ange \u00e0 la Framboise BIO.<\/p>\n<div class=\"description\" data-v-d3709afa=\"\">\n<h4 class=\"ak-heading--4 ds-text-primary\" data-v-31657ff4=\"\" data-v-d3709afa=\"\">Liste des ingr\u00e9dients<\/h4>\n<div data-v-cbba9010=\"\" data-v-d3709afa=\"\">\n<div class=\"rich-description ds-text-base ds-text-neutral-900 text-collapsed\" data-v-cbba9010=\"\">Ingr\u00e9dients: sucre de canne*, sirop de glucose*, acidifiant : acide citrique, concentr\u00e9 (carotte*, cassis*), ar\u00f4me naturel de framboise *issu de l&rsquo;agriculture biologique.<\/p>\n<p>Valeurs nutritionnelles pour 100 g: \u00e9nergie 389 kcal\/1 630 KJ; mati\u00e8res grasses 0 g dont AGS 0 g; glucides 96 g dont sucres 69 g; prot\u00e9ines 0 g; sel 0 g. Peut contenir des traces d\u2019arachides, amandes, noisettes et lait. A conserver \u00e0 l\u2019abri de la chaleur et de l\u2019humidit\u00e9.<\/p><\/div>\n<\/div>\n<\/div>\n<div class=\"description\" data-v-d3709afa=\"\">\n<h4 class=\"ak-heading--4 ds-text-primary\" data-v-31657ff4=\"\" data-v-d3709afa=\"\">DDM<\/h4>\n<div data-v-cbba9010=\"\" data-v-d3709afa=\"\">\n<div class=\"rich-description ds-text-base ds-text-neutral-900 gradient-ellipsis\" data-v-cbba9010=\"\">3 ans<\/div>\n<\/div>\n<\/div>\n<\/div>\n<\/div>\n<div data-v-cbba9010=\"\"><\/div>\n","protected":false},"featured_media":47216,"template":"","meta":[],"product_brand":[],"product_cat":[29,41,20],"product_tag":[],"class_list":{"0":"post-47215","1":"product","2":"type-product","3":"status-publish","4":"has-post-thumbnail","6":"product_cat-cuisine","7":"product_cat-kids","8":"product_cat-lifestyle","9":"description-off","11":"first","12":"instock","13":"shipping-taxable","14":"purchasable","15":"product-type-simple"},"_links":{"self":[{"href":"https:\/\/www.sweetmaloryne.com\/boutique\/wp-json\/wp\/v2\/product\/47215","targetHints":{"allow":["GET"]}}],"collection":[{"href":"https:\/\/www.sweetmaloryne.com\/boutique\/wp-json\/wp\/v2\/product"}],"about":[{"href":"https:\/\/www.sweetmaloryne.com\/boutique\/wp-json\/wp\/v2\/types\/product"}],"wp:featuredmedia":[{"embeddable":true,"href":"https:\/\/www.sweetmaloryne.com\/boutique\/wp-json\/wp\/v2\/media\/47216"}],"wp:attachment":[{"href":"https:\/\/www.sweetmaloryne.com\/boutique\/wp-json\/wp\/v2\/media?parent=47215"}],"wp:term":[{"taxonomy":"product_brand","embeddable":true,"href":"https:\/\/www.sweetmaloryne.com\/boutique\/wp-json\/wp\/v2\/product_brand?post=47215"},{"taxonomy":"product_cat","embeddable":true,"href":"https:\/\/www.sweetmaloryne.com\/boutique\/wp-json\/wp\/v2\/product_cat?post=47215"},{"taxonomy":"product_tag","embeddable":true,"href":"https:\/\/www.sweetmaloryne.com\/boutique\/wp-json\/wp\/v2\/product_tag?post=47215"}],"curies":[{"name":"wp","href":"https:\/\/api.w.org\/{rel}","templated":true}]}}