{"id":47249,"date":"2025-06-18T17:20:29","date_gmt":"2025-06-18T15:20:29","guid":{"rendered":"https:\/\/www.sweetmaloryne.com\/boutique\/?post_type=product&#038;p=47249"},"modified":"2025-06-18T17:22:26","modified_gmt":"2025-06-18T15:22:26","slug":"boucles-doreilles-dorees-fleur-ajouree-et-perles-verte-aventurine","status":"publish","type":"product","link":"https:\/\/www.sweetmaloryne.com\/boutique\/produit\/boucles-doreilles-dorees-fleur-ajouree-et-perles-verte-aventurine\/","title":{"rendered":"Boucles d&rsquo;oreilles Dor\u00e9es Fleur Ajour\u00e9e et Perles Verte Aventurine"},"content":{"rendered":"","protected":false},"excerpt":{"rendered":"<p>Boucles d&rsquo;oreilles Dor\u00e9es Fleur Ajour\u00e9e et Perles Verte \u00c9meraude.<\/p>\n<p>Tous nos produits sont fabriqu\u00e9s en acier inoxydable, un mat\u00e9riel qui r\u00e9siste \u00e0 l&rsquo;eau et ne se rouille pas dans le temps.<\/p>\n<p>Ils sont garantis sans nickel, sans cadmium et sans sel de plomb.<\/p>\n<p>Longueur : 2 cm, Largeur : 2 cm<\/p>\n<p>&nbsp;<\/p>\n","protected":false},"featured_media":47250,"template":"","meta":[],"product_brand":[905],"product_cat":[24,55,20],"product_tag":[],"class_list":{"0":"post-47249","1":"product","2":"type-product","3":"status-publish","4":"has-post-thumbnail","6":"product_brand-eclat-paris","7":"product_cat-bijoux","8":"product_cat-boucles-d-oreilles","9":"product_cat-lifestyle","10":"description-off","12":"first","13":"instock","14":"shipping-taxable","15":"purchasable","16":"product-type-simple"},"_links":{"self":[{"href":"https:\/\/www.sweetmaloryne.com\/boutique\/wp-json\/wp\/v2\/product\/47249","targetHints":{"allow":["GET"]}}],"collection":[{"href":"https:\/\/www.sweetmaloryne.com\/boutique\/wp-json\/wp\/v2\/product"}],"about":[{"href":"https:\/\/www.sweetmaloryne.com\/boutique\/wp-json\/wp\/v2\/types\/product"}],"wp:featuredmedia":[{"embeddable":true,"href":"https:\/\/www.sweetmaloryne.com\/boutique\/wp-json\/wp\/v2\/media\/47250"}],"wp:attachment":[{"href":"https:\/\/www.sweetmaloryne.com\/boutique\/wp-json\/wp\/v2\/media?parent=47249"}],"wp:term":[{"taxonomy":"product_brand","embeddable":true,"href":"https:\/\/www.sweetmaloryne.com\/boutique\/wp-json\/wp\/v2\/product_brand?post=47249"},{"taxonomy":"product_cat","embeddable":true,"href":"https:\/\/www.sweetmaloryne.com\/boutique\/wp-json\/wp\/v2\/product_cat?post=47249"},{"taxonomy":"product_tag","embeddable":true,"href":"https:\/\/www.sweetmaloryne.com\/boutique\/wp-json\/wp\/v2\/product_tag?post=47249"}],"curies":[{"name":"wp","href":"https:\/\/api.w.org\/{rel}","templated":true}]}}