{"id":47255,"date":"2025-06-18T17:30:58","date_gmt":"2025-06-18T15:30:58","guid":{"rendered":"https:\/\/www.sweetmaloryne.com\/boutique\/?post_type=product&#038;p=47255"},"modified":"2025-06-18T17:33:12","modified_gmt":"2025-06-18T15:33:12","slug":"boucles-doreilles-pendantes-dorees-eventail-tisse-turquoise-et-pierre-turquoise","status":"publish","type":"product","link":"https:\/\/www.sweetmaloryne.com\/boutique\/produit\/boucles-doreilles-pendantes-dorees-eventail-tisse-turquoise-et-pierre-turquoise\/","title":{"rendered":"Boucles d&rsquo;oreilles Pendantes Dor\u00e9es \u00c9ventail Tiss\u00e9 Turquoise et Pierre Turquoise"},"content":{"rendered":"","protected":false},"excerpt":{"rendered":"<p>Boucles d&rsquo;oreilles Pendantes Dor\u00e9es \u00c9ventail Tiss\u00e9 Argent et Pierre Turquoise.<\/p>\n<p>Tous nos produits sont fabriqu\u00e9s en acier inoxydable, un mat\u00e9riel qui r\u00e9siste \u00e0 l&rsquo;eau et ne se rouille pas dans le temps.<\/p>\n<p>Ils sont garantis sans nickel, sans cadmium et sans sel de plomb.<\/p>\n<p>Longueur : 5,5 cm, Largeur : 4,3 cm<\/p>\n<p>&nbsp;<\/p>\n","protected":false},"featured_media":47256,"template":"","meta":[],"product_brand":[905],"product_cat":[24,55,20],"product_tag":[],"class_list":{"0":"post-47255","1":"product","2":"type-product","3":"status-publish","4":"has-post-thumbnail","6":"product_brand-eclat-paris","7":"product_cat-bijoux","8":"product_cat-boucles-d-oreilles","9":"product_cat-lifestyle","10":"description-off","12":"first","13":"instock","14":"shipping-taxable","15":"purchasable","16":"product-type-simple"},"_links":{"self":[{"href":"https:\/\/www.sweetmaloryne.com\/boutique\/wp-json\/wp\/v2\/product\/47255","targetHints":{"allow":["GET"]}}],"collection":[{"href":"https:\/\/www.sweetmaloryne.com\/boutique\/wp-json\/wp\/v2\/product"}],"about":[{"href":"https:\/\/www.sweetmaloryne.com\/boutique\/wp-json\/wp\/v2\/types\/product"}],"wp:featuredmedia":[{"embeddable":true,"href":"https:\/\/www.sweetmaloryne.com\/boutique\/wp-json\/wp\/v2\/media\/47256"}],"wp:attachment":[{"href":"https:\/\/www.sweetmaloryne.com\/boutique\/wp-json\/wp\/v2\/media?parent=47255"}],"wp:term":[{"taxonomy":"product_brand","embeddable":true,"href":"https:\/\/www.sweetmaloryne.com\/boutique\/wp-json\/wp\/v2\/product_brand?post=47255"},{"taxonomy":"product_cat","embeddable":true,"href":"https:\/\/www.sweetmaloryne.com\/boutique\/wp-json\/wp\/v2\/product_cat?post=47255"},{"taxonomy":"product_tag","embeddable":true,"href":"https:\/\/www.sweetmaloryne.com\/boutique\/wp-json\/wp\/v2\/product_tag?post=47255"}],"curies":[{"name":"wp","href":"https:\/\/api.w.org\/{rel}","templated":true}]}}