{"id":47281,"date":"2025-06-19T10:38:36","date_gmt":"2025-06-19T08:38:36","guid":{"rendered":"https:\/\/www.sweetmaloryne.com\/boutique\/?post_type=product&#038;p=47281"},"modified":"2025-06-19T10:46:13","modified_gmt":"2025-06-19T08:46:13","slug":"collier-chaine-doree-simple-fine-avec-triple-rond-nacre","status":"publish","type":"product","link":"https:\/\/www.sweetmaloryne.com\/boutique\/produit\/collier-chaine-doree-simple-fine-avec-triple-rond-nacre\/","title":{"rendered":"Collier Cha\u00eene Dor\u00e9e Simple Fine avec Triple Rond Nacre"},"content":{"rendered":"","protected":false},"excerpt":{"rendered":"<p>Tous nos produits sont fabriqu\u00e9s en acier inoxydable, un mat\u00e9riel qui r\u00e9siste \u00e0 l&rsquo;eau et au temps.<\/p>\n<p>Ils sont garantis sans plomb, nickel et cadmium<\/p>\n","protected":false},"featured_media":47282,"template":"","meta":[],"product_brand":[905],"product_cat":[24,42,20],"product_tag":[],"class_list":{"0":"post-47281","1":"product","2":"type-product","3":"status-publish","4":"has-post-thumbnail","6":"product_brand-eclat-paris","7":"product_cat-bijoux","8":"product_cat-colliers","9":"product_cat-lifestyle","10":"description-off","12":"first","13":"instock","14":"shipping-taxable","15":"purchasable","16":"product-type-simple"},"_links":{"self":[{"href":"https:\/\/www.sweetmaloryne.com\/boutique\/wp-json\/wp\/v2\/product\/47281","targetHints":{"allow":["GET"]}}],"collection":[{"href":"https:\/\/www.sweetmaloryne.com\/boutique\/wp-json\/wp\/v2\/product"}],"about":[{"href":"https:\/\/www.sweetmaloryne.com\/boutique\/wp-json\/wp\/v2\/types\/product"}],"wp:featuredmedia":[{"embeddable":true,"href":"https:\/\/www.sweetmaloryne.com\/boutique\/wp-json\/wp\/v2\/media\/47282"}],"wp:attachment":[{"href":"https:\/\/www.sweetmaloryne.com\/boutique\/wp-json\/wp\/v2\/media?parent=47281"}],"wp:term":[{"taxonomy":"product_brand","embeddable":true,"href":"https:\/\/www.sweetmaloryne.com\/boutique\/wp-json\/wp\/v2\/product_brand?post=47281"},{"taxonomy":"product_cat","embeddable":true,"href":"https:\/\/www.sweetmaloryne.com\/boutique\/wp-json\/wp\/v2\/product_cat?post=47281"},{"taxonomy":"product_tag","embeddable":true,"href":"https:\/\/www.sweetmaloryne.com\/boutique\/wp-json\/wp\/v2\/product_tag?post=47281"}],"curies":[{"name":"wp","href":"https:\/\/api.w.org\/{rel}","templated":true}]}}