{"id":47292,"date":"2025-06-19T11:16:34","date_gmt":"2025-06-19T09:16:34","guid":{"rendered":"https:\/\/www.sweetmaloryne.com\/boutique\/?post_type=product&#038;p=47292"},"modified":"2025-10-15T18:09:33","modified_gmt":"2025-10-15T16:09:33","slug":"bague-doree-ajustable-fleur-petales-oeil-de-chat-vert-centre-dore","status":"publish","type":"product","link":"https:\/\/www.sweetmaloryne.com\/boutique\/produit\/bague-doree-ajustable-fleur-petales-oeil-de-chat-vert-centre-dore\/","title":{"rendered":"Bague Dor\u00e9e Ajustable Fleur P\u00e9tales Oeil de Chat Vert Centre Dor\u00e9"},"content":{"rendered":"","protected":false},"excerpt":{"rendered":"<p>Mati\u00e8re : bijoux acier inoxydable 316L certifi\u00e9 sans nickel, il gardera tout son \u00e9clat et sa couleur d\u2019origine gr\u00e2ce \u00e0 ses propri\u00e9t\u00e9s anti-allerg\u00e8ne et anti corrosion.<\/p>\n","protected":false},"featured_media":47290,"template":"","meta":[],"product_brand":[906],"product_cat":[61,24,20],"product_tag":[],"class_list":{"0":"post-47292","1":"product","2":"type-product","3":"status-publish","4":"has-post-thumbnail","6":"product_brand-7bis","7":"product_cat-bagues","8":"product_cat-bijoux","9":"product_cat-lifestyle","10":"description-off","12":"first","13":"instock","14":"shipping-taxable","15":"purchasable","16":"product-type-simple"},"_links":{"self":[{"href":"https:\/\/www.sweetmaloryne.com\/boutique\/wp-json\/wp\/v2\/product\/47292","targetHints":{"allow":["GET"]}}],"collection":[{"href":"https:\/\/www.sweetmaloryne.com\/boutique\/wp-json\/wp\/v2\/product"}],"about":[{"href":"https:\/\/www.sweetmaloryne.com\/boutique\/wp-json\/wp\/v2\/types\/product"}],"wp:featuredmedia":[{"embeddable":true,"href":"https:\/\/www.sweetmaloryne.com\/boutique\/wp-json\/wp\/v2\/media\/47290"}],"wp:attachment":[{"href":"https:\/\/www.sweetmaloryne.com\/boutique\/wp-json\/wp\/v2\/media?parent=47292"}],"wp:term":[{"taxonomy":"product_brand","embeddable":true,"href":"https:\/\/www.sweetmaloryne.com\/boutique\/wp-json\/wp\/v2\/product_brand?post=47292"},{"taxonomy":"product_cat","embeddable":true,"href":"https:\/\/www.sweetmaloryne.com\/boutique\/wp-json\/wp\/v2\/product_cat?post=47292"},{"taxonomy":"product_tag","embeddable":true,"href":"https:\/\/www.sweetmaloryne.com\/boutique\/wp-json\/wp\/v2\/product_tag?post=47292"}],"curies":[{"name":"wp","href":"https:\/\/api.w.org\/{rel}","templated":true}]}}