{"id":47299,"date":"2025-06-19T11:27:42","date_gmt":"2025-06-19T09:27:42","guid":{"rendered":"https:\/\/www.sweetmaloryne.com\/boutique\/?post_type=product&#038;p=47299"},"modified":"2025-08-16T17:10:15","modified_gmt":"2025-08-16T15:10:15","slug":"bague-doree-ajustable-dentelle-de-fleur-laiton-dore-or-fin","status":"publish","type":"product","link":"https:\/\/www.sweetmaloryne.com\/boutique\/produit\/bague-doree-ajustable-dentelle-de-fleur-laiton-dore-or-fin\/","title":{"rendered":"Bague Dor\u00e9e Ajustable Dentelle de Fleur Laiton Dor\u00e9 Or Fin"},"content":{"rendered":"","protected":false},"excerpt":{"rendered":"<p>Bague laiton dor\u00e9 ajustable<\/p>\n","protected":false},"featured_media":47301,"template":"","meta":[],"product_brand":[906],"product_cat":[61,24,20],"product_tag":[],"class_list":{"0":"post-47299","1":"product","2":"type-product","3":"status-publish","4":"has-post-thumbnail","6":"product_brand-7bis","7":"product_cat-bagues","8":"product_cat-bijoux","9":"product_cat-lifestyle","10":"description-off","12":"first","13":"instock","14":"shipping-taxable","15":"purchasable","16":"product-type-simple"},"_links":{"self":[{"href":"https:\/\/www.sweetmaloryne.com\/boutique\/wp-json\/wp\/v2\/product\/47299","targetHints":{"allow":["GET"]}}],"collection":[{"href":"https:\/\/www.sweetmaloryne.com\/boutique\/wp-json\/wp\/v2\/product"}],"about":[{"href":"https:\/\/www.sweetmaloryne.com\/boutique\/wp-json\/wp\/v2\/types\/product"}],"wp:featuredmedia":[{"embeddable":true,"href":"https:\/\/www.sweetmaloryne.com\/boutique\/wp-json\/wp\/v2\/media\/47301"}],"wp:attachment":[{"href":"https:\/\/www.sweetmaloryne.com\/boutique\/wp-json\/wp\/v2\/media?parent=47299"}],"wp:term":[{"taxonomy":"product_brand","embeddable":true,"href":"https:\/\/www.sweetmaloryne.com\/boutique\/wp-json\/wp\/v2\/product_brand?post=47299"},{"taxonomy":"product_cat","embeddable":true,"href":"https:\/\/www.sweetmaloryne.com\/boutique\/wp-json\/wp\/v2\/product_cat?post=47299"},{"taxonomy":"product_tag","embeddable":true,"href":"https:\/\/www.sweetmaloryne.com\/boutique\/wp-json\/wp\/v2\/product_tag?post=47299"}],"curies":[{"name":"wp","href":"https:\/\/api.w.org\/{rel}","templated":true}]}}