{"id":47302,"date":"2025-06-19T11:42:32","date_gmt":"2025-06-19T09:42:32","guid":{"rendered":"https:\/\/www.sweetmaloryne.com\/boutique\/?post_type=product&#038;p=47302"},"modified":"2025-06-19T11:45:31","modified_gmt":"2025-06-19T09:45:31","slug":"bague-doree-ajustable-a-lor-fin-pavage-strass-blanc","status":"publish","type":"product","link":"https:\/\/www.sweetmaloryne.com\/boutique\/produit\/bague-doree-ajustable-a-lor-fin-pavage-strass-blanc\/","title":{"rendered":"Bague Dor\u00e9e Ajustable \u00e0 l&rsquo;Or Fin Pavage Strass Blanc"},"content":{"rendered":"","protected":false},"excerpt":{"rendered":"<p>Bague ajustable bomb\u00e9e avec pavage en strass<br \/>\nMati\u00e8re : bijoux laiton dor\u00e9 \u00e0 l&rsquo;or fin<\/p>\n","protected":false},"featured_media":47304,"template":"","meta":[],"product_brand":[906],"product_cat":[61,24,20],"product_tag":[],"class_list":{"0":"post-47302","1":"product","2":"type-product","3":"status-publish","4":"has-post-thumbnail","6":"product_brand-7bis","7":"product_cat-bagues","8":"product_cat-bijoux","9":"product_cat-lifestyle","10":"description-off","12":"first","13":"instock","14":"shipping-taxable","15":"purchasable","16":"product-type-simple"},"_links":{"self":[{"href":"https:\/\/www.sweetmaloryne.com\/boutique\/wp-json\/wp\/v2\/product\/47302","targetHints":{"allow":["GET"]}}],"collection":[{"href":"https:\/\/www.sweetmaloryne.com\/boutique\/wp-json\/wp\/v2\/product"}],"about":[{"href":"https:\/\/www.sweetmaloryne.com\/boutique\/wp-json\/wp\/v2\/types\/product"}],"wp:featuredmedia":[{"embeddable":true,"href":"https:\/\/www.sweetmaloryne.com\/boutique\/wp-json\/wp\/v2\/media\/47304"}],"wp:attachment":[{"href":"https:\/\/www.sweetmaloryne.com\/boutique\/wp-json\/wp\/v2\/media?parent=47302"}],"wp:term":[{"taxonomy":"product_brand","embeddable":true,"href":"https:\/\/www.sweetmaloryne.com\/boutique\/wp-json\/wp\/v2\/product_brand?post=47302"},{"taxonomy":"product_cat","embeddable":true,"href":"https:\/\/www.sweetmaloryne.com\/boutique\/wp-json\/wp\/v2\/product_cat?post=47302"},{"taxonomy":"product_tag","embeddable":true,"href":"https:\/\/www.sweetmaloryne.com\/boutique\/wp-json\/wp\/v2\/product_tag?post=47302"}],"curies":[{"name":"wp","href":"https:\/\/api.w.org\/{rel}","templated":true}]}}