{"id":47310,"date":"2025-06-19T11:55:59","date_gmt":"2025-06-19T09:55:59","guid":{"rendered":"https:\/\/www.sweetmaloryne.com\/boutique\/?post_type=product&#038;p=47310"},"modified":"2025-06-19T11:57:07","modified_gmt":"2025-06-19T09:57:07","slug":"boucles-doreilles-tortue-pierre-ovale-menthe-esprit-ocean","status":"publish","type":"product","link":"https:\/\/www.sweetmaloryne.com\/boutique\/produit\/boucles-doreilles-tortue-pierre-ovale-menthe-esprit-ocean\/","title":{"rendered":"Boucles d&rsquo;Oreilles Tortue Pierre Ovale Menthe Esprit Ocean"},"content":{"rendered":"","protected":false},"excerpt":{"rendered":"<p>Mati\u00e8re : bijoux acier inoxydable 316L certifi\u00e9 sans nickel, il gardera tout son \u00e9clat et sa couleur d\u2019origine gr\u00e2ce \u00e0 ses propri\u00e9t\u00e9s anti-allerg\u00e8ne et anti corrosion.<\/p>\n<p>&nbsp;<\/p>\n","protected":false},"featured_media":47306,"template":"","meta":[],"product_brand":[906],"product_cat":[24,55,20],"product_tag":[],"class_list":{"0":"post-47310","1":"product","2":"type-product","3":"status-publish","4":"has-post-thumbnail","6":"product_brand-7bis","7":"product_cat-bijoux","8":"product_cat-boucles-d-oreilles","9":"product_cat-lifestyle","10":"description-off","12":"first","13":"instock","14":"shipping-taxable","15":"purchasable","16":"product-type-simple"},"_links":{"self":[{"href":"https:\/\/www.sweetmaloryne.com\/boutique\/wp-json\/wp\/v2\/product\/47310","targetHints":{"allow":["GET"]}}],"collection":[{"href":"https:\/\/www.sweetmaloryne.com\/boutique\/wp-json\/wp\/v2\/product"}],"about":[{"href":"https:\/\/www.sweetmaloryne.com\/boutique\/wp-json\/wp\/v2\/types\/product"}],"wp:featuredmedia":[{"embeddable":true,"href":"https:\/\/www.sweetmaloryne.com\/boutique\/wp-json\/wp\/v2\/media\/47306"}],"wp:attachment":[{"href":"https:\/\/www.sweetmaloryne.com\/boutique\/wp-json\/wp\/v2\/media?parent=47310"}],"wp:term":[{"taxonomy":"product_brand","embeddable":true,"href":"https:\/\/www.sweetmaloryne.com\/boutique\/wp-json\/wp\/v2\/product_brand?post=47310"},{"taxonomy":"product_cat","embeddable":true,"href":"https:\/\/www.sweetmaloryne.com\/boutique\/wp-json\/wp\/v2\/product_cat?post=47310"},{"taxonomy":"product_tag","embeddable":true,"href":"https:\/\/www.sweetmaloryne.com\/boutique\/wp-json\/wp\/v2\/product_tag?post=47310"}],"curies":[{"name":"wp","href":"https:\/\/api.w.org\/{rel}","templated":true}]}}