{"id":47514,"date":"2025-06-26T16:14:15","date_gmt":"2025-06-26T14:14:15","guid":{"rendered":"https:\/\/www.sweetmaloryne.com\/boutique\/?post_type=product&#038;p=47514"},"modified":"2025-06-26T16:15:21","modified_gmt":"2025-06-26T14:15:21","slug":"boucles-doreilles-dorees-creoles-fleur-doree","status":"publish","type":"product","link":"https:\/\/www.sweetmaloryne.com\/boutique\/produit\/boucles-doreilles-dorees-creoles-fleur-doree\/","title":{"rendered":"Boucles d&rsquo;oreilles Dor\u00e9es Cr\u00e9oles Fleur Dor\u00e9e"},"content":{"rendered":"","protected":false},"excerpt":{"rendered":"<p>Tous nos produits sont fabriqu\u00e9s en acier inoxydable, un mat\u00e9riel qui r\u00e9siste \u00e0 l&rsquo;eau et ne se rouille pas dans le temps.<\/p>\n<p>Ils sont garantis sans nickel, sans cadmium et sans sel de plomb.<\/p>\n<p>&nbsp;<\/p>\n","protected":false},"featured_media":47516,"template":"","meta":[],"product_brand":[905],"product_cat":[24,55,20],"product_tag":[],"class_list":{"0":"post-47514","1":"product","2":"type-product","3":"status-publish","4":"has-post-thumbnail","6":"product_brand-eclat-paris","7":"product_cat-bijoux","8":"product_cat-boucles-d-oreilles","9":"product_cat-lifestyle","10":"description-off","12":"first","13":"instock","14":"shipping-taxable","15":"purchasable","16":"product-type-simple"},"_links":{"self":[{"href":"https:\/\/www.sweetmaloryne.com\/boutique\/wp-json\/wp\/v2\/product\/47514","targetHints":{"allow":["GET"]}}],"collection":[{"href":"https:\/\/www.sweetmaloryne.com\/boutique\/wp-json\/wp\/v2\/product"}],"about":[{"href":"https:\/\/www.sweetmaloryne.com\/boutique\/wp-json\/wp\/v2\/types\/product"}],"wp:featuredmedia":[{"embeddable":true,"href":"https:\/\/www.sweetmaloryne.com\/boutique\/wp-json\/wp\/v2\/media\/47516"}],"wp:attachment":[{"href":"https:\/\/www.sweetmaloryne.com\/boutique\/wp-json\/wp\/v2\/media?parent=47514"}],"wp:term":[{"taxonomy":"product_brand","embeddable":true,"href":"https:\/\/www.sweetmaloryne.com\/boutique\/wp-json\/wp\/v2\/product_brand?post=47514"},{"taxonomy":"product_cat","embeddable":true,"href":"https:\/\/www.sweetmaloryne.com\/boutique\/wp-json\/wp\/v2\/product_cat?post=47514"},{"taxonomy":"product_tag","embeddable":true,"href":"https:\/\/www.sweetmaloryne.com\/boutique\/wp-json\/wp\/v2\/product_tag?post=47514"}],"curies":[{"name":"wp","href":"https:\/\/api.w.org\/{rel}","templated":true}]}}