{"id":47517,"date":"2025-06-26T16:51:41","date_gmt":"2025-06-26T14:51:41","guid":{"rendered":"https:\/\/www.sweetmaloryne.com\/boutique\/?post_type=product&#038;p=47517"},"modified":"2025-06-26T16:53:42","modified_gmt":"2025-06-26T14:53:42","slug":"boucles-doreilles-argentees-gouttes-martelees","status":"publish","type":"product","link":"https:\/\/www.sweetmaloryne.com\/boutique\/produit\/boucles-doreilles-argentees-gouttes-martelees\/","title":{"rendered":"Boucles d&rsquo;Oreilles Argent\u00e9es Gouttes Martel\u00e9es"},"content":{"rendered":"","protected":false},"excerpt":{"rendered":"<p>Tous nos produits sont fabriqu\u00e9s en acier inoxydable, un mat\u00e9riel qui r\u00e9siste \u00e0 l&rsquo;eau et ne se rouille pas dans le temps.<\/p>\n<p>Ils sont garantis sans nickel, sans cadmium et sans sel de plomb.<\/p>\n<p>&nbsp;<\/p>\n","protected":false},"featured_media":47519,"template":"","meta":[],"product_brand":[905],"product_cat":[24,55,20],"product_tag":[],"class_list":{"0":"post-47517","1":"product","2":"type-product","3":"status-publish","4":"has-post-thumbnail","6":"product_brand-eclat-paris","7":"product_cat-bijoux","8":"product_cat-boucles-d-oreilles","9":"product_cat-lifestyle","10":"description-off","12":"first","13":"instock","14":"shipping-taxable","15":"purchasable","16":"product-type-simple"},"_links":{"self":[{"href":"https:\/\/www.sweetmaloryne.com\/boutique\/wp-json\/wp\/v2\/product\/47517","targetHints":{"allow":["GET"]}}],"collection":[{"href":"https:\/\/www.sweetmaloryne.com\/boutique\/wp-json\/wp\/v2\/product"}],"about":[{"href":"https:\/\/www.sweetmaloryne.com\/boutique\/wp-json\/wp\/v2\/types\/product"}],"wp:featuredmedia":[{"embeddable":true,"href":"https:\/\/www.sweetmaloryne.com\/boutique\/wp-json\/wp\/v2\/media\/47519"}],"wp:attachment":[{"href":"https:\/\/www.sweetmaloryne.com\/boutique\/wp-json\/wp\/v2\/media?parent=47517"}],"wp:term":[{"taxonomy":"product_brand","embeddable":true,"href":"https:\/\/www.sweetmaloryne.com\/boutique\/wp-json\/wp\/v2\/product_brand?post=47517"},{"taxonomy":"product_cat","embeddable":true,"href":"https:\/\/www.sweetmaloryne.com\/boutique\/wp-json\/wp\/v2\/product_cat?post=47517"},{"taxonomy":"product_tag","embeddable":true,"href":"https:\/\/www.sweetmaloryne.com\/boutique\/wp-json\/wp\/v2\/product_tag?post=47517"}],"curies":[{"name":"wp","href":"https:\/\/api.w.org\/{rel}","templated":true}]}}