{"id":47706,"date":"2025-07-02T14:37:18","date_gmt":"2025-07-02T12:37:18","guid":{"rendered":"https:\/\/www.sweetmaloryne.com\/boutique\/?post_type=product&#038;p=47706"},"modified":"2026-01-01T11:44:43","modified_gmt":"2026-01-01T10:44:43","slug":"peinture-arbre-de-vie-50x50cm","status":"publish","type":"product","link":"https:\/\/www.sweetmaloryne.com\/boutique\/produit\/peinture-arbre-de-vie-50x50cm\/","title":{"rendered":"Peinture \u00ab\u00a0Arbre de Vie\u00a0\u00bb 50x50cm"},"content":{"rendered":"","protected":false},"excerpt":{"rendered":"<p>Impression d&rsquo;art de haute qualit\u00e9 \u00a0trait\u00e9e sur un panneau MDF de 3 mm d&rsquo;\u00e9paisseur, encadr\u00e9 par un cadre mince.<\/p>\n","protected":false},"featured_media":47710,"template":"","meta":[],"product_brand":[],"product_cat":[22,71,27,19,658,67],"product_tag":[],"class_list":{"0":"post-47706","1":"product","2":"type-product","3":"status-publish","4":"has-post-thumbnail","6":"product_cat-destockage","7":"product_cat-arbres-de-vie","8":"product_cat-deco-murale","9":"product_cat-decoration","10":"product_cat-nouveautes","11":"product_cat-toiles","12":"description-off","14":"first","15":"instock","16":"sale","17":"shipping-taxable","18":"purchasable","19":"product-type-simple"},"_links":{"self":[{"href":"https:\/\/www.sweetmaloryne.com\/boutique\/wp-json\/wp\/v2\/product\/47706","targetHints":{"allow":["GET"]}}],"collection":[{"href":"https:\/\/www.sweetmaloryne.com\/boutique\/wp-json\/wp\/v2\/product"}],"about":[{"href":"https:\/\/www.sweetmaloryne.com\/boutique\/wp-json\/wp\/v2\/types\/product"}],"wp:featuredmedia":[{"embeddable":true,"href":"https:\/\/www.sweetmaloryne.com\/boutique\/wp-json\/wp\/v2\/media\/47710"}],"wp:attachment":[{"href":"https:\/\/www.sweetmaloryne.com\/boutique\/wp-json\/wp\/v2\/media?parent=47706"}],"wp:term":[{"taxonomy":"product_brand","embeddable":true,"href":"https:\/\/www.sweetmaloryne.com\/boutique\/wp-json\/wp\/v2\/product_brand?post=47706"},{"taxonomy":"product_cat","embeddable":true,"href":"https:\/\/www.sweetmaloryne.com\/boutique\/wp-json\/wp\/v2\/product_cat?post=47706"},{"taxonomy":"product_tag","embeddable":true,"href":"https:\/\/www.sweetmaloryne.com\/boutique\/wp-json\/wp\/v2\/product_tag?post=47706"}],"curies":[{"name":"wp","href":"https:\/\/api.w.org\/{rel}","templated":true}]}}