{"id":47711,"date":"2025-07-02T14:39:44","date_gmt":"2025-07-02T12:39:44","guid":{"rendered":"https:\/\/www.sweetmaloryne.com\/boutique\/?post_type=product&#038;p=47711"},"modified":"2026-01-01T11:44:43","modified_gmt":"2026-01-01T10:44:43","slug":"peinture-olivier-70x50cm","status":"publish","type":"product","link":"https:\/\/www.sweetmaloryne.com\/boutique\/produit\/peinture-olivier-70x50cm\/","title":{"rendered":"Peinture \u00ab\u00a0Olivier\u00a0\u00bb 70x50cm"},"content":{"rendered":"","protected":false},"excerpt":{"rendered":"<p>Impression d&rsquo;art de haute qualit\u00e9 \u00a0trait\u00e9e sur un panneau MDF de 3 mm d&rsquo;\u00e9paisseur, encadr\u00e9 par un cadre mince.<\/p>\n","protected":false},"featured_media":47715,"template":"","meta":[],"product_brand":[],"product_cat":[22,27,19,658,67],"product_tag":[],"class_list":{"0":"post-47711","1":"product","2":"type-product","3":"status-publish","4":"has-post-thumbnail","6":"product_cat-destockage","7":"product_cat-deco-murale","8":"product_cat-decoration","9":"product_cat-nouveautes","10":"product_cat-toiles","11":"description-off","13":"first","14":"instock","15":"sale","16":"shipping-taxable","17":"purchasable","18":"product-type-simple"},"_links":{"self":[{"href":"https:\/\/www.sweetmaloryne.com\/boutique\/wp-json\/wp\/v2\/product\/47711","targetHints":{"allow":["GET"]}}],"collection":[{"href":"https:\/\/www.sweetmaloryne.com\/boutique\/wp-json\/wp\/v2\/product"}],"about":[{"href":"https:\/\/www.sweetmaloryne.com\/boutique\/wp-json\/wp\/v2\/types\/product"}],"wp:featuredmedia":[{"embeddable":true,"href":"https:\/\/www.sweetmaloryne.com\/boutique\/wp-json\/wp\/v2\/media\/47715"}],"wp:attachment":[{"href":"https:\/\/www.sweetmaloryne.com\/boutique\/wp-json\/wp\/v2\/media?parent=47711"}],"wp:term":[{"taxonomy":"product_brand","embeddable":true,"href":"https:\/\/www.sweetmaloryne.com\/boutique\/wp-json\/wp\/v2\/product_brand?post=47711"},{"taxonomy":"product_cat","embeddable":true,"href":"https:\/\/www.sweetmaloryne.com\/boutique\/wp-json\/wp\/v2\/product_cat?post=47711"},{"taxonomy":"product_tag","embeddable":true,"href":"https:\/\/www.sweetmaloryne.com\/boutique\/wp-json\/wp\/v2\/product_tag?post=47711"}],"curies":[{"name":"wp","href":"https:\/\/api.w.org\/{rel}","templated":true}]}}