{"id":47756,"date":"2025-07-02T15:49:30","date_gmt":"2025-07-02T13:49:30","guid":{"rendered":"https:\/\/www.sweetmaloryne.com\/boutique\/?post_type=product&#038;p=47756"},"modified":"2025-10-11T14:08:51","modified_gmt":"2025-10-11T12:08:51","slug":"peinture-mona-lisa-bubblegum-50x40cm","status":"publish","type":"product","link":"https:\/\/www.sweetmaloryne.com\/boutique\/produit\/peinture-mona-lisa-bubblegum-50x40cm\/","title":{"rendered":"Peinture Mona Lisa Bubblegum 50x40cm"},"content":{"rendered":"","protected":false},"excerpt":{"rendered":"<p>Se compose d&rsquo;une affiche qui est appliqu\u00e9e sur une plaque de 3 mm d&rsquo;\u00e9paisseur en MDF.<\/p>\n<p>\u00c0 l&rsquo;arri\u00e8re, il y a un cadre solide de 2 cm d&rsquo;\u00e9paisseur.<\/p>\n","protected":false},"featured_media":47760,"template":"","meta":[],"product_brand":[],"product_cat":[27,19,658,67],"product_tag":[],"class_list":{"0":"post-47756","1":"product","2":"type-product","3":"status-publish","4":"has-post-thumbnail","6":"product_cat-deco-murale","7":"product_cat-decoration","8":"product_cat-nouveautes","9":"product_cat-toiles","10":"description-off","12":"first","13":"instock","14":"shipping-taxable","15":"purchasable","16":"product-type-simple"},"_links":{"self":[{"href":"https:\/\/www.sweetmaloryne.com\/boutique\/wp-json\/wp\/v2\/product\/47756","targetHints":{"allow":["GET"]}}],"collection":[{"href":"https:\/\/www.sweetmaloryne.com\/boutique\/wp-json\/wp\/v2\/product"}],"about":[{"href":"https:\/\/www.sweetmaloryne.com\/boutique\/wp-json\/wp\/v2\/types\/product"}],"wp:featuredmedia":[{"embeddable":true,"href":"https:\/\/www.sweetmaloryne.com\/boutique\/wp-json\/wp\/v2\/media\/47760"}],"wp:attachment":[{"href":"https:\/\/www.sweetmaloryne.com\/boutique\/wp-json\/wp\/v2\/media?parent=47756"}],"wp:term":[{"taxonomy":"product_brand","embeddable":true,"href":"https:\/\/www.sweetmaloryne.com\/boutique\/wp-json\/wp\/v2\/product_brand?post=47756"},{"taxonomy":"product_cat","embeddable":true,"href":"https:\/\/www.sweetmaloryne.com\/boutique\/wp-json\/wp\/v2\/product_cat?post=47756"},{"taxonomy":"product_tag","embeddable":true,"href":"https:\/\/www.sweetmaloryne.com\/boutique\/wp-json\/wp\/v2\/product_tag?post=47756"}],"curies":[{"name":"wp","href":"https:\/\/api.w.org\/{rel}","templated":true}]}}