{"id":48308,"date":"2026-01-26T16:22:59","date_gmt":"2026-01-26T15:22:59","guid":{"rendered":"https:\/\/www.sweetmaloryne.com\/boutique\/?post_type=product&#038;p=48308"},"modified":"2026-03-18T12:15:52","modified_gmt":"2026-03-18T11:15:52","slug":"guirlande-en-metal-chrome-decor-papillon-ou-coeur-au-choix-h-90cm","status":"publish","type":"product","link":"https:\/\/www.sweetmaloryne.com\/boutique\/produit\/guirlande-en-metal-chrome-decor-papillon-ou-coeur-au-choix-h-90cm\/","title":{"rendered":"Guirlande en M\u00e9tal Chrom\u00e9, D\u00e9cor Papillon ou Coeur au Choix H.90cm"},"content":{"rendered":"","protected":false},"excerpt":{"rendered":"","protected":false},"featured_media":48309,"template":"","meta":[],"product_brand":[902],"product_cat":[19,40,53,885],"product_tag":[],"class_list":{"0":"post-48308","1":"product","2":"type-product","3":"status-publish","4":"has-post-thumbnail","6":"product_brand-iko","7":"product_cat-decoration","8":"product_cat-jardin","9":"product_cat-pendentifs","10":"product_cat-suspension-decorative","11":"pa_couleur-f3-blanc","12":"pa_couleur-e8-fushia","13":"pa_couleur-0d-gris","14":"pa_couleur-5e-grisanthracite","15":"description-off","17":"first","18":"instock","19":"shipping-taxable","20":"purchasable","21":"product-type-simple"},"_links":{"self":[{"href":"https:\/\/www.sweetmaloryne.com\/boutique\/wp-json\/wp\/v2\/product\/48308","targetHints":{"allow":["GET"]}}],"collection":[{"href":"https:\/\/www.sweetmaloryne.com\/boutique\/wp-json\/wp\/v2\/product"}],"about":[{"href":"https:\/\/www.sweetmaloryne.com\/boutique\/wp-json\/wp\/v2\/types\/product"}],"wp:featuredmedia":[{"embeddable":true,"href":"https:\/\/www.sweetmaloryne.com\/boutique\/wp-json\/wp\/v2\/media\/48309"}],"wp:attachment":[{"href":"https:\/\/www.sweetmaloryne.com\/boutique\/wp-json\/wp\/v2\/media?parent=48308"}],"wp:term":[{"taxonomy":"product_brand","embeddable":true,"href":"https:\/\/www.sweetmaloryne.com\/boutique\/wp-json\/wp\/v2\/product_brand?post=48308"},{"taxonomy":"product_cat","embeddable":true,"href":"https:\/\/www.sweetmaloryne.com\/boutique\/wp-json\/wp\/v2\/product_cat?post=48308"},{"taxonomy":"product_tag","embeddable":true,"href":"https:\/\/www.sweetmaloryne.com\/boutique\/wp-json\/wp\/v2\/product_tag?post=48308"}],"curies":[{"name":"wp","href":"https:\/\/api.w.org\/{rel}","templated":true}]}}