{"id":48577,"date":"2025-08-21T15:14:12","date_gmt":"2025-08-21T13:14:12","guid":{"rendered":"https:\/\/www.sweetmaloryne.com\/boutique\/?post_type=product&#038;p=48577"},"modified":"2026-03-06T10:38:43","modified_gmt":"2026-03-06T09:38:43","slug":"fleur-solaire-songe-dune-nuit-dete-en-metal-rouille-o54xh-169cm-avec-boule-en-verre-rose-o30cm","status":"publish","type":"product","link":"https:\/\/www.sweetmaloryne.com\/boutique\/produit\/fleur-solaire-songe-dune-nuit-dete-en-metal-rouille-o54xh-169cm-avec-boule-en-verre-rose-o30cm\/","title":{"rendered":"Fleur Solaire \u00e0 LED \u00ab\u00a0Songe d&rsquo;une Nuit d&rsquo;Et\u00e9\u00a0\u00bb en M\u00e9tal Rouill\u00e9 \u00f854xH.169cm avec Boule en Verre Rose \u00f830cm"},"content":{"rendered":"","protected":false},"excerpt":{"rendered":"<p id=\"tw-target-text\" class=\"tw-data-text tw-text-large tw-ta\" dir=\"ltr\" data-placeholder=\"Traduction\" data-ved=\"2ahUKEwjBlrje5fCLAxVYV6QEHbyPGqwQ3ewLegQICRAV\"><span class=\"Y2IQFc\" lang=\"fr\">Information: <\/span><\/p>\n<p class=\"tw-data-text tw-text-large tw-ta\" dir=\"ltr\" data-placeholder=\"Traduction\" data-ved=\"2ahUKEwjBlrje5fCLAxVYV6QEHbyPGqwQ3ewLegQICRAV\"><span class=\"Y2IQFc\" lang=\"fr\">La boule solaire est \u00e9quip\u00e9e d&rsquo;un capteur cr\u00e9pusculaire et peut \u00eatre allum\u00e9e et \u00e9teinte manuellement par le bas. <\/span><\/p>\n<p class=\"tw-data-text tw-text-large tw-ta\" dir=\"ltr\" data-placeholder=\"Traduction\" data-ved=\"2ahUKEwjBlrje5fCLAxVYV6QEHbyPGqwQ3ewLegQICRAV\"><span class=\"Y2IQFc\" lang=\"fr\">Dimensions du ballon : H : 22 cm, hauteur : 25 cm <\/span><\/p>\n<p class=\"tw-data-text tw-text-large tw-ta\" dir=\"ltr\" data-placeholder=\"Traduction\" data-ved=\"2ahUKEwjBlrje5fCLAxVYV6QEHbyPGqwQ3ewLegQICRAV\"><span class=\"Y2IQFc\" lang=\"fr\">Par temps glacial, le ballon doit imp\u00e9rativement \u00eatre emport\u00e9 dans un endroit chaud, sinon il sera endommag\u00e9 et ne fonctionnera plus. <\/span><\/p>\n<p class=\"tw-data-text tw-text-large tw-ta\" dir=\"ltr\" data-placeholder=\"Traduction\" data-ved=\"2ahUKEwjBlrje5fCLAxVYV6QEHbyPGqwQ3ewLegQICRAV\"><span class=\"Y2IQFc\" lang=\"fr\">Informations sur la boule solaire : <\/span><\/p>\n<p class=\"tw-data-text tw-text-large tw-ta\" dir=\"ltr\" data-placeholder=\"Traduction\" data-ved=\"2ahUKEwjBlrje5fCLAxVYV6QEHbyPGqwQ3ewLegQICRAV\"><span class=\"Y2IQFc\" lang=\"fr\">\u2022 Autonomie jusqu&rsquo;\u00e0 5 heures une fois compl\u00e8tement charg\u00e9 <\/span><\/p>\n<p class=\"tw-data-text tw-text-large tw-ta\" dir=\"ltr\" data-placeholder=\"Traduction\" data-ved=\"2ahUKEwjBlrje5fCLAxVYV6QEHbyPGqwQ3ewLegQICRAV\"><span class=\"Y2IQFc\" lang=\"fr\">\u2022 Capteur cr\u00e9pusculaire <\/span><\/p>\n<p class=\"tw-data-text tw-text-large tw-ta\" dir=\"ltr\" data-placeholder=\"Traduction\" data-ved=\"2ahUKEwjBlrje5fCLAxVYV6QEHbyPGqwQ3ewLegQICRAV\"><span class=\"Y2IQFc\" lang=\"fr\">\u2022 Avec piquet de terre <\/span><\/p>\n<p class=\"tw-data-text tw-text-large tw-ta\" dir=\"ltr\" data-placeholder=\"Traduction\" data-ved=\"2ahUKEwjBlrje5fCLAxVYV6QEHbyPGqwQ3ewLegQICRAV\"><span class=\"Y2IQFc\" lang=\"fr\">\u2022 Boule en plastique blanche avec surface mate (PE) <\/span><\/p>\n<p class=\"tw-data-text tw-text-large tw-ta\" dir=\"ltr\" data-placeholder=\"Traduction\" data-ved=\"2ahUKEwjBlrje5fCLAxVYV6QEHbyPGqwQ3ewLegQICRAV\"><span class=\"Y2IQFc\" lang=\"fr\">\u2022 Pile Mignon\/AA rempla\u00e7able 1,2 V\/800 mAh <\/span><\/p>\n<p class=\"tw-data-text tw-text-large tw-ta\" dir=\"ltr\" data-placeholder=\"Traduction\" data-ved=\"2ahUKEwjBlrje5fCLAxVYV6QEHbyPGqwQ3ewLegQICRAV\"><span class=\"Y2IQFc\" lang=\"fr\">\u2022 Panneau solaire 2V, 200mA <\/span><\/p>\n<p class=\"tw-data-text tw-text-large tw-ta\" dir=\"ltr\" data-placeholder=\"Traduction\" data-ved=\"2ahUKEwjBlrje5fCLAxVYV6QEHbyPGqwQ3ewLegQICRAV\"><span class=\"Y2IQFc\" lang=\"fr\">\u2022 R\u00e9sistant aux intemp\u00e9ries <\/span><\/p>\n<p class=\"tw-data-text tw-text-large tw-ta\" dir=\"ltr\" data-placeholder=\"Traduction\" data-ved=\"2ahUKEwjBlrje5fCLAxVYV6QEHbyPGqwQ3ewLegQICRAV\"><span class=\"Y2IQFc\" lang=\"fr\">\u2022 Ne r\u00e9siste pas au gel<\/span><\/p>\n","protected":false},"featured_media":48578,"template":"","meta":[],"product_brand":[],"product_cat":[22,19,886,40,39,890,883,860],"product_tag":[],"class_list":{"0":"post-48577","1":"product","2":"type-product","3":"status-publish","4":"has-post-thumbnail","6":"product_cat-destockage","7":"product_cat-decoration","8":"product_cat-decoration-solaire","9":"product_cat-jardin","10":"product_cat-luminaires","11":"product_cat-ornement-a-poser-jardin","12":"product_cat-ornement-en-corten-a-poser","13":"product_cat-solaires","14":"description-off","16":"first","17":"instock","18":"sale","19":"shipping-taxable","20":"purchasable","21":"product-type-simple"},"_links":{"self":[{"href":"https:\/\/www.sweetmaloryne.com\/boutique\/wp-json\/wp\/v2\/product\/48577","targetHints":{"allow":["GET"]}}],"collection":[{"href":"https:\/\/www.sweetmaloryne.com\/boutique\/wp-json\/wp\/v2\/product"}],"about":[{"href":"https:\/\/www.sweetmaloryne.com\/boutique\/wp-json\/wp\/v2\/types\/product"}],"wp:featuredmedia":[{"embeddable":true,"href":"https:\/\/www.sweetmaloryne.com\/boutique\/wp-json\/wp\/v2\/media\/48578"}],"wp:attachment":[{"href":"https:\/\/www.sweetmaloryne.com\/boutique\/wp-json\/wp\/v2\/media?parent=48577"}],"wp:term":[{"taxonomy":"product_brand","embeddable":true,"href":"https:\/\/www.sweetmaloryne.com\/boutique\/wp-json\/wp\/v2\/product_brand?post=48577"},{"taxonomy":"product_cat","embeddable":true,"href":"https:\/\/www.sweetmaloryne.com\/boutique\/wp-json\/wp\/v2\/product_cat?post=48577"},{"taxonomy":"product_tag","embeddable":true,"href":"https:\/\/www.sweetmaloryne.com\/boutique\/wp-json\/wp\/v2\/product_tag?post=48577"}],"curies":[{"name":"wp","href":"https:\/\/api.w.org\/{rel}","templated":true}]}}