{"id":48591,"date":"2026-02-23T09:43:07","date_gmt":"2026-02-23T08:43:07","guid":{"rendered":"https:\/\/www.sweetmaloryne.com\/boutique\/?post_type=product&#038;p=48591"},"modified":"2026-02-23T10:59:12","modified_gmt":"2026-02-23T09:59:12","slug":"peinture-encadre-femmes-night-out-90x60cm","status":"publish","type":"product","link":"https:\/\/www.sweetmaloryne.com\/boutique\/produit\/peinture-encadre-femmes-night-out-90x60cm\/","title":{"rendered":"Peinture Encadr\u00e9 \u00ab\u00a0Femmes Night Out\u00a0\u00bb 90x60cm"},"content":{"rendered":"<p>Uniquement en retrait \u00e0 la boutique<\/p>\n","protected":false},"excerpt":{"rendered":"<p>Un panneau encadr\u00e9 et une image en couleur press\u00e9e sur une plaque MDF de 2 mm d&rsquo;\u00e9paisseur.<\/p>\n<p>Cette plaque poss\u00e8de un joli cadre fin d&rsquo;une profondeur de 30 mm.<\/p>\n","protected":false},"featured_media":48595,"template":"","meta":[],"product_brand":[],"product_cat":[27,19,658,67],"product_tag":[],"class_list":{"0":"post-48591","1":"product","2":"type-product","3":"status-publish","4":"has-post-thumbnail","6":"product_cat-deco-murale","7":"product_cat-decoration","8":"product_cat-nouveautes","9":"product_cat-toiles","10":"description-off","12":"first","13":"instock","14":"shipping-taxable","15":"purchasable","16":"product-type-simple"},"_links":{"self":[{"href":"https:\/\/www.sweetmaloryne.com\/boutique\/wp-json\/wp\/v2\/product\/48591","targetHints":{"allow":["GET"]}}],"collection":[{"href":"https:\/\/www.sweetmaloryne.com\/boutique\/wp-json\/wp\/v2\/product"}],"about":[{"href":"https:\/\/www.sweetmaloryne.com\/boutique\/wp-json\/wp\/v2\/types\/product"}],"wp:featuredmedia":[{"embeddable":true,"href":"https:\/\/www.sweetmaloryne.com\/boutique\/wp-json\/wp\/v2\/media\/48595"}],"wp:attachment":[{"href":"https:\/\/www.sweetmaloryne.com\/boutique\/wp-json\/wp\/v2\/media?parent=48591"}],"wp:term":[{"taxonomy":"product_brand","embeddable":true,"href":"https:\/\/www.sweetmaloryne.com\/boutique\/wp-json\/wp\/v2\/product_brand?post=48591"},{"taxonomy":"product_cat","embeddable":true,"href":"https:\/\/www.sweetmaloryne.com\/boutique\/wp-json\/wp\/v2\/product_cat?post=48591"},{"taxonomy":"product_tag","embeddable":true,"href":"https:\/\/www.sweetmaloryne.com\/boutique\/wp-json\/wp\/v2\/product_tag?post=48591"}],"curies":[{"name":"wp","href":"https:\/\/api.w.org\/{rel}","templated":true}]}}