{"id":48649,"date":"2025-09-19T09:27:09","date_gmt":"2025-09-19T07:27:09","guid":{"rendered":"https:\/\/www.sweetmaloryne.com\/boutique\/?post_type=product&#038;p=48649"},"modified":"2026-02-05T14:30:28","modified_gmt":"2026-02-05T13:30:28","slug":"__trashed-5","status":"publish","type":"product","link":"https:\/\/www.sweetmaloryne.com\/boutique\/produit\/__trashed-5\/","title":{"rendered":"Fleur \u00ab\u00a0Anna\u00a0\u00bb sur Socle en M\u00e9tal Rouill\u00e9, 1 Boule en Verre \u00f87cm, Divers Coloris, \u00f822xH.77cm"},"content":{"rendered":"","protected":false},"excerpt":{"rendered":"","protected":false},"featured_media":48658,"template":"","meta":[],"product_brand":[],"product_cat":[19,40,658,890,883],"product_tag":[],"class_list":{"0":"post-48649","1":"product","2":"type-product","3":"status-publish","4":"has-post-thumbnail","6":"product_cat-decoration","7":"product_cat-jardin","8":"product_cat-nouveautes","9":"product_cat-ornement-a-poser-jardin","10":"product_cat-ornement-en-corten-a-poser","11":"pa_couleur-jaune","12":"pa_couleur-a2-rouge","13":"pa_couleur-cb-vert","14":"description-off","16":"first","17":"instock","18":"shipping-taxable","19":"purchasable","20":"product-type-variable"},"_links":{"self":[{"href":"https:\/\/www.sweetmaloryne.com\/boutique\/wp-json\/wp\/v2\/product\/48649","targetHints":{"allow":["GET"]}}],"collection":[{"href":"https:\/\/www.sweetmaloryne.com\/boutique\/wp-json\/wp\/v2\/product"}],"about":[{"href":"https:\/\/www.sweetmaloryne.com\/boutique\/wp-json\/wp\/v2\/types\/product"}],"wp:featuredmedia":[{"embeddable":true,"href":"https:\/\/www.sweetmaloryne.com\/boutique\/wp-json\/wp\/v2\/media\/48658"}],"wp:attachment":[{"href":"https:\/\/www.sweetmaloryne.com\/boutique\/wp-json\/wp\/v2\/media?parent=48649"}],"wp:term":[{"taxonomy":"product_brand","embeddable":true,"href":"https:\/\/www.sweetmaloryne.com\/boutique\/wp-json\/wp\/v2\/product_brand?post=48649"},{"taxonomy":"product_cat","embeddable":true,"href":"https:\/\/www.sweetmaloryne.com\/boutique\/wp-json\/wp\/v2\/product_cat?post=48649"},{"taxonomy":"product_tag","embeddable":true,"href":"https:\/\/www.sweetmaloryne.com\/boutique\/wp-json\/wp\/v2\/product_tag?post=48649"}],"curies":[{"name":"wp","href":"https:\/\/api.w.org\/{rel}","templated":true}]}}