{"id":48872,"date":"2025-08-28T11:15:25","date_gmt":"2025-08-28T09:15:25","guid":{"rendered":"https:\/\/www.sweetmaloryne.com\/boutique\/?post_type=product&#038;p=48872"},"modified":"2026-01-01T11:03:38","modified_gmt":"2026-01-01T10:03:38","slug":"peinture-femme-rebelle-a-cadre-mince-70x50cm","status":"publish","type":"product","link":"https:\/\/www.sweetmaloryne.com\/boutique\/produit\/peinture-femme-rebelle-a-cadre-mince-70x50cm\/","title":{"rendered":"Peinture \u00ab\u00a0Femme Rebelle\u00a0\u00bb \u00e0 Cadre Mince 70x50cm"},"content":{"rendered":"<p>Uniquement en retrait \u00e0 la boutique<\/p>\n","protected":false},"excerpt":{"rendered":"<p>Une affiche de haute qualit\u00e9 trait\u00e9e sur un panneau MDF de 3 mm d&rsquo;\u00e9paisseur.<\/p>\n<p>Les imprim\u00e9s \u00e9l\u00e9gants sont encadr\u00e9s par un cadre fin.<\/p>\n<p>Vous pouvez poser cette d\u00e9coration murale ou l&rsquo;accrocher au cadre.<\/p>\n<p>En combinant les peintures, vous cr\u00e9ez une d\u00e9coration murale magnifique et intemporelle pour n&rsquo;importe quelle pi\u00e8ce.<br \/>\n* Noir et blanc<\/p>\n","protected":false},"featured_media":48876,"template":"","meta":[],"product_brand":[],"product_cat":[22,27,19,67],"product_tag":[],"class_list":{"0":"post-48872","1":"product","2":"type-product","3":"status-publish","4":"has-post-thumbnail","6":"product_cat-destockage","7":"product_cat-deco-murale","8":"product_cat-decoration","9":"product_cat-toiles","10":"description-off","12":"first","13":"instock","14":"sale","15":"shipping-taxable","16":"purchasable","17":"product-type-simple"},"_links":{"self":[{"href":"https:\/\/www.sweetmaloryne.com\/boutique\/wp-json\/wp\/v2\/product\/48872","targetHints":{"allow":["GET"]}}],"collection":[{"href":"https:\/\/www.sweetmaloryne.com\/boutique\/wp-json\/wp\/v2\/product"}],"about":[{"href":"https:\/\/www.sweetmaloryne.com\/boutique\/wp-json\/wp\/v2\/types\/product"}],"wp:featuredmedia":[{"embeddable":true,"href":"https:\/\/www.sweetmaloryne.com\/boutique\/wp-json\/wp\/v2\/media\/48876"}],"wp:attachment":[{"href":"https:\/\/www.sweetmaloryne.com\/boutique\/wp-json\/wp\/v2\/media?parent=48872"}],"wp:term":[{"taxonomy":"product_brand","embeddable":true,"href":"https:\/\/www.sweetmaloryne.com\/boutique\/wp-json\/wp\/v2\/product_brand?post=48872"},{"taxonomy":"product_cat","embeddable":true,"href":"https:\/\/www.sweetmaloryne.com\/boutique\/wp-json\/wp\/v2\/product_cat?post=48872"},{"taxonomy":"product_tag","embeddable":true,"href":"https:\/\/www.sweetmaloryne.com\/boutique\/wp-json\/wp\/v2\/product_tag?post=48872"}],"curies":[{"name":"wp","href":"https:\/\/api.w.org\/{rel}","templated":true}]}}