{"id":48900,"date":"2026-01-23T14:34:28","date_gmt":"2026-01-23T13:34:28","guid":{"rendered":"https:\/\/www.sweetmaloryne.com\/boutique\/?post_type=product&#038;p=48900"},"modified":"2026-04-10T18:24:55","modified_gmt":"2026-04-10T16:24:55","slug":"piquet-fleur-en-metal-rouille-avec-boule-en-inox-24xh-80cm-3-modeles-au-choix","status":"publish","type":"product","link":"https:\/\/www.sweetmaloryne.com\/boutique\/produit\/piquet-fleur-en-metal-rouille-avec-boule-en-inox-24xh-80cm-3-modeles-au-choix\/","title":{"rendered":"Piquet Fleur en M\u00e9tal Rouill\u00e9 avec Boule en Inox 24xH.80cm, 3 Mod\u00e8les au Choix"},"content":{"rendered":"","protected":false},"excerpt":{"rendered":"","protected":false},"featured_media":48901,"template":"","meta":[],"product_brand":[902],"product_cat":[19,40,658,879],"product_tag":[],"class_list":{"0":"post-48900","1":"product","2":"type-product","3":"status-publish","4":"has-post-thumbnail","6":"product_brand-iko","7":"product_cat-decoration","8":"product_cat-jardin","9":"product_cat-nouveautes","10":"product_cat-piquet-decoratif","11":"pa_couleur-b8-beige","12":"pa_couleur-78-marron","13":"description-off","15":"first","16":"instock","17":"shipping-taxable","18":"purchasable","19":"product-type-simple"},"_links":{"self":[{"href":"https:\/\/www.sweetmaloryne.com\/boutique\/wp-json\/wp\/v2\/product\/48900","targetHints":{"allow":["GET"]}}],"collection":[{"href":"https:\/\/www.sweetmaloryne.com\/boutique\/wp-json\/wp\/v2\/product"}],"about":[{"href":"https:\/\/www.sweetmaloryne.com\/boutique\/wp-json\/wp\/v2\/types\/product"}],"wp:featuredmedia":[{"embeddable":true,"href":"https:\/\/www.sweetmaloryne.com\/boutique\/wp-json\/wp\/v2\/media\/48901"}],"wp:attachment":[{"href":"https:\/\/www.sweetmaloryne.com\/boutique\/wp-json\/wp\/v2\/media?parent=48900"}],"wp:term":[{"taxonomy":"product_brand","embeddable":true,"href":"https:\/\/www.sweetmaloryne.com\/boutique\/wp-json\/wp\/v2\/product_brand?post=48900"},{"taxonomy":"product_cat","embeddable":true,"href":"https:\/\/www.sweetmaloryne.com\/boutique\/wp-json\/wp\/v2\/product_cat?post=48900"},{"taxonomy":"product_tag","embeddable":true,"href":"https:\/\/www.sweetmaloryne.com\/boutique\/wp-json\/wp\/v2\/product_tag?post=48900"}],"curies":[{"name":"wp","href":"https:\/\/api.w.org\/{rel}","templated":true}]}}