{"id":49597,"date":"2025-09-13T13:00:53","date_gmt":"2025-09-13T11:00:53","guid":{"rendered":"https:\/\/www.sweetmaloryne.com\/boutique\/?post_type=product&#038;p=49597"},"modified":"2025-09-13T14:36:30","modified_gmt":"2025-09-13T12:36:30","slug":"bois-de-racine-naturel-avec-bol-en-verre-o-14-cm","status":"publish","type":"product","link":"https:\/\/www.sweetmaloryne.com\/boutique\/produit\/bois-de-racine-naturel-avec-bol-en-verre-o-14-cm\/","title":{"rendered":"Bois de Racine Naturel avec Bol en Verre, \u00d8 14 cm"},"content":{"rendered":"","protected":false},"excerpt":{"rendered":"<p>Bois de haute qualit\u00e9 de l&rsquo;arbre Gamal<br \/>\nBol en verre souffl\u00e9 bouche qui se pose directement sur la racine et est donc en parfaite harmonie<br \/>\nFabriqu\u00e9e \u00e0 la main, chaque pi\u00e8ce est unique<br \/>\nPuisqu&rsquo;il s&rsquo;agit de produits naturels, il y aura des variations de forme, de couleur et de taille.<\/p>\n","protected":false},"featured_media":49598,"template":"","meta":[],"product_brand":[],"product_cat":[19,40,658,23,882,657],"product_tag":[],"class_list":{"0":"post-49597","1":"product","2":"type-product","3":"status-publish","4":"has-post-thumbnail","6":"product_cat-decoration","7":"product_cat-jardin","8":"product_cat-nouveautes","9":"product_cat-objets-deco","10":"product_cat-pot-de-fleurs","11":"product_cat-pots-fleuristerie","12":"description-off","14":"first","15":"instock","16":"shipping-taxable","17":"purchasable","18":"product-type-simple"},"_links":{"self":[{"href":"https:\/\/www.sweetmaloryne.com\/boutique\/wp-json\/wp\/v2\/product\/49597","targetHints":{"allow":["GET"]}}],"collection":[{"href":"https:\/\/www.sweetmaloryne.com\/boutique\/wp-json\/wp\/v2\/product"}],"about":[{"href":"https:\/\/www.sweetmaloryne.com\/boutique\/wp-json\/wp\/v2\/types\/product"}],"wp:featuredmedia":[{"embeddable":true,"href":"https:\/\/www.sweetmaloryne.com\/boutique\/wp-json\/wp\/v2\/media\/49598"}],"wp:attachment":[{"href":"https:\/\/www.sweetmaloryne.com\/boutique\/wp-json\/wp\/v2\/media?parent=49597"}],"wp:term":[{"taxonomy":"product_brand","embeddable":true,"href":"https:\/\/www.sweetmaloryne.com\/boutique\/wp-json\/wp\/v2\/product_brand?post=49597"},{"taxonomy":"product_cat","embeddable":true,"href":"https:\/\/www.sweetmaloryne.com\/boutique\/wp-json\/wp\/v2\/product_cat?post=49597"},{"taxonomy":"product_tag","embeddable":true,"href":"https:\/\/www.sweetmaloryne.com\/boutique\/wp-json\/wp\/v2\/product_tag?post=49597"}],"curies":[{"name":"wp","href":"https:\/\/api.w.org\/{rel}","templated":true}]}}