{"id":49633,"date":"2025-09-16T09:28:29","date_gmt":"2025-09-16T07:28:29","guid":{"rendered":"https:\/\/www.sweetmaloryne.com\/boutique\/?post_type=product&#038;p=49633"},"modified":"2025-09-26T17:41:15","modified_gmt":"2025-09-26T15:41:15","slug":"bracelet-a-trois-fleurs-sechees-sur-cordon-4-modeles-au-choix","status":"publish","type":"product","link":"https:\/\/www.sweetmaloryne.com\/boutique\/produit\/bracelet-a-trois-fleurs-sechees-sur-cordon-4-modeles-au-choix\/","title":{"rendered":"Bracelet \u00e0 Trois Fleurs S\u00e9ch\u00e9es dans Bulle en Verre, sur Cordon, 4 Mod\u00e8les au Choix"},"content":{"rendered":"","protected":false},"excerpt":{"rendered":"","protected":false},"featured_media":49634,"template":"","meta":[],"product_brand":[],"product_cat":[24,49,41,20,658],"product_tag":[],"class_list":{"0":"post-49633","1":"product","2":"type-product","3":"status-publish","4":"has-post-thumbnail","6":"product_cat-bijoux","7":"product_cat-bracelets","8":"product_cat-kids","9":"product_cat-lifestyle","10":"product_cat-nouveautes","11":"description-off","13":"first","14":"instock","15":"shipping-taxable","16":"purchasable","17":"product-type-simple"},"_links":{"self":[{"href":"https:\/\/www.sweetmaloryne.com\/boutique\/wp-json\/wp\/v2\/product\/49633","targetHints":{"allow":["GET"]}}],"collection":[{"href":"https:\/\/www.sweetmaloryne.com\/boutique\/wp-json\/wp\/v2\/product"}],"about":[{"href":"https:\/\/www.sweetmaloryne.com\/boutique\/wp-json\/wp\/v2\/types\/product"}],"wp:featuredmedia":[{"embeddable":true,"href":"https:\/\/www.sweetmaloryne.com\/boutique\/wp-json\/wp\/v2\/media\/49634"}],"wp:attachment":[{"href":"https:\/\/www.sweetmaloryne.com\/boutique\/wp-json\/wp\/v2\/media?parent=49633"}],"wp:term":[{"taxonomy":"product_brand","embeddable":true,"href":"https:\/\/www.sweetmaloryne.com\/boutique\/wp-json\/wp\/v2\/product_brand?post=49633"},{"taxonomy":"product_cat","embeddable":true,"href":"https:\/\/www.sweetmaloryne.com\/boutique\/wp-json\/wp\/v2\/product_cat?post=49633"},{"taxonomy":"product_tag","embeddable":true,"href":"https:\/\/www.sweetmaloryne.com\/boutique\/wp-json\/wp\/v2\/product_tag?post=49633"}],"curies":[{"name":"wp","href":"https:\/\/api.w.org\/{rel}","templated":true}]}}