{"id":49636,"date":"2025-09-16T09:32:49","date_gmt":"2025-09-16T07:32:49","guid":{"rendered":"https:\/\/www.sweetmaloryne.com\/boutique\/?post_type=product&#038;p=49636"},"modified":"2025-12-13T14:05:45","modified_gmt":"2025-12-13T13:05:45","slug":"bracelet-avec-fleur-sechee-et-feuille-en-metal-sur-cordon-4-couleurs-au-choix","status":"publish","type":"product","link":"https:\/\/www.sweetmaloryne.com\/boutique\/produit\/bracelet-avec-fleur-sechee-et-feuille-en-metal-sur-cordon-4-couleurs-au-choix\/","title":{"rendered":"Bracelet avec Fleur S\u00e9ch\u00e9e dans Bulle en Verre et Feuille en M\u00e9tal, sur Cordon, 4 Couleurs au Choix"},"content":{"rendered":"","protected":false},"excerpt":{"rendered":"","protected":false},"featured_media":49637,"template":"","meta":[],"product_brand":[],"product_cat":[24,49,41,20,658],"product_tag":[],"class_list":{"0":"post-49636","1":"product","2":"type-product","3":"status-publish","4":"has-post-thumbnail","6":"product_cat-bijoux","7":"product_cat-bracelets","8":"product_cat-kids","9":"product_cat-lifestyle","10":"product_cat-nouveautes","11":"description-off","13":"first","14":"instock","15":"shipping-taxable","16":"purchasable","17":"product-type-simple"},"_links":{"self":[{"href":"https:\/\/www.sweetmaloryne.com\/boutique\/wp-json\/wp\/v2\/product\/49636","targetHints":{"allow":["GET"]}}],"collection":[{"href":"https:\/\/www.sweetmaloryne.com\/boutique\/wp-json\/wp\/v2\/product"}],"about":[{"href":"https:\/\/www.sweetmaloryne.com\/boutique\/wp-json\/wp\/v2\/types\/product"}],"wp:featuredmedia":[{"embeddable":true,"href":"https:\/\/www.sweetmaloryne.com\/boutique\/wp-json\/wp\/v2\/media\/49637"}],"wp:attachment":[{"href":"https:\/\/www.sweetmaloryne.com\/boutique\/wp-json\/wp\/v2\/media?parent=49636"}],"wp:term":[{"taxonomy":"product_brand","embeddable":true,"href":"https:\/\/www.sweetmaloryne.com\/boutique\/wp-json\/wp\/v2\/product_brand?post=49636"},{"taxonomy":"product_cat","embeddable":true,"href":"https:\/\/www.sweetmaloryne.com\/boutique\/wp-json\/wp\/v2\/product_cat?post=49636"},{"taxonomy":"product_tag","embeddable":true,"href":"https:\/\/www.sweetmaloryne.com\/boutique\/wp-json\/wp\/v2\/product_tag?post=49636"}],"curies":[{"name":"wp","href":"https:\/\/api.w.org\/{rel}","templated":true}]}}