{"id":49872,"date":"2026-01-05T11:15:53","date_gmt":"2026-01-05T10:15:53","guid":{"rendered":"https:\/\/www.sweetmaloryne.com\/boutique\/?post_type=product&#038;p=49872"},"modified":"2026-01-06T14:48:24","modified_gmt":"2026-01-06T13:48:24","slug":"cerf-en-metal-colore-recycle-20x30cm","status":"publish","type":"product","link":"https:\/\/www.sweetmaloryne.com\/boutique\/produit\/cerf-en-metal-colore-recycle-20x30cm\/","title":{"rendered":"Cerf en M\u00e9tal Color\u00e9 Recycl\u00e9, 25x35cm"},"content":{"rendered":"<p>Zimba-Arts est une organisation de commerce \u00e9quitable qui soutient les artistes africains en distribuant des \u0153uvres d&rsquo;art pour la maison et le jardin \u00e0 l&rsquo;\u00e9chelle internationale.<\/p>\n<p>Tous les produits sont fabriqu\u00e9s \u00e0 la main \u00e0 partir de mat\u00e9riaux recycl\u00e9s et durables<\/p>\n","protected":false},"excerpt":{"rendered":"<p>Cr\u00e9ez une ambiance ludique ou champ\u00eatre en installant notre coq en m\u00e9tal recycl\u00e9 dans votre int\u00e9rieur ou votre jardin !<br \/>\nCon\u00e7ue pour \u00eatre pos\u00e9e debout sur ses pattes, il est suffisamment stable pour ne pas \u00eatre fix\u00e9e.<br \/>\nIl se fond parfaitement dans les environnements rustiques, mais pas seulement: elle sait aussi se montrer moderne et d\u00e9cal\u00e9e !<br \/>\nNotre animal en m\u00e9tal est cr\u00e9\u00e9e \u00e0 partir de m\u00e9tal recycl\u00e9 travaill\u00e9 et soud\u00e9.<br \/>\nDes pattes \u00e0 la cr\u00eate, elle est fid\u00e8le \u00e0 son anatomie.<br \/>\nSon corps est constitu\u00e9 de morceaux de m\u00e9tal savamment assembl\u00e9s. Des points de soudure apparents subliment son esth\u00e9tique.<\/p>\n<p>Chaque animal en m\u00e9tal recycl\u00e9 est unique: les attitudes et expressions de l&rsquo;animal peuvent varier.<\/p>\n<p>Rustique et solide, il peut s&rsquo;installer aussi bien en int\u00e9rieur qu&rsquo;en ext\u00e9rieur, pour une d\u00e9coration jardin \u00e0 tout casser !<\/p>\n<p>Cette pi\u00e8ce unique est le fruit du travail d&rsquo;un collectif d\u2019artistes du Zimbabwe, que nous soutenons dans une d\u00e9marche d&rsquo;artisanat solidaire.<\/p>\n","protected":false},"featured_media":49873,"template":"","meta":[],"product_brand":[],"product_cat":[22,881,47,40],"product_tag":[],"class_list":{"0":"post-49872","1":"product","2":"type-product","3":"status-publish","4":"has-post-thumbnail","6":"product_cat-destockage","7":"product_cat-animaux-decoratifs","8":"product_cat-figurines","9":"product_cat-jardin","10":"description-off","12":"first","13":"instock","14":"sale","15":"shipping-taxable","16":"purchasable","17":"product-type-simple"},"_links":{"self":[{"href":"https:\/\/www.sweetmaloryne.com\/boutique\/wp-json\/wp\/v2\/product\/49872","targetHints":{"allow":["GET"]}}],"collection":[{"href":"https:\/\/www.sweetmaloryne.com\/boutique\/wp-json\/wp\/v2\/product"}],"about":[{"href":"https:\/\/www.sweetmaloryne.com\/boutique\/wp-json\/wp\/v2\/types\/product"}],"wp:featuredmedia":[{"embeddable":true,"href":"https:\/\/www.sweetmaloryne.com\/boutique\/wp-json\/wp\/v2\/media\/49873"}],"wp:attachment":[{"href":"https:\/\/www.sweetmaloryne.com\/boutique\/wp-json\/wp\/v2\/media?parent=49872"}],"wp:term":[{"taxonomy":"product_brand","embeddable":true,"href":"https:\/\/www.sweetmaloryne.com\/boutique\/wp-json\/wp\/v2\/product_brand?post=49872"},{"taxonomy":"product_cat","embeddable":true,"href":"https:\/\/www.sweetmaloryne.com\/boutique\/wp-json\/wp\/v2\/product_cat?post=49872"},{"taxonomy":"product_tag","embeddable":true,"href":"https:\/\/www.sweetmaloryne.com\/boutique\/wp-json\/wp\/v2\/product_tag?post=49872"}],"curies":[{"name":"wp","href":"https:\/\/api.w.org\/{rel}","templated":true}]}}