{"id":50057,"date":"2025-09-25T14:22:31","date_gmt":"2025-09-25T12:22:31","guid":{"rendered":"https:\/\/www.sweetmaloryne.com\/boutique\/?post_type=product&#038;p=50057"},"modified":"2026-01-22T15:46:50","modified_gmt":"2026-01-22T14:46:50","slug":"peinture-sur-toile-cerf-en-fleurs-60x40cm","status":"publish","type":"product","link":"https:\/\/www.sweetmaloryne.com\/boutique\/produit\/peinture-sur-toile-cerf-en-fleurs-60x40cm\/","title":{"rendered":"Peinture sur Toile \u00ab\u00a0Cerf en Fleurs\u00a0\u00bb 60x40cm"},"content":{"rendered":"","protected":false},"excerpt":{"rendered":"<p>Cette belle peinture est imprim\u00e9e sur une toile dans la plus haute r\u00e9solution.<br \/>\nCela garantit un imprim\u00e9 net et color\u00e9 avec des couleurs vives.<\/p>\n<p>Les c\u00f4t\u00e9s de la toile sont imprim\u00e9s avec la photo.<\/p>\n<p>La photo est imprim\u00e9e sur un tissu en toile ferme de 260 grammes de 0,41 mm d&rsquo;\u00e9paisseur.<br \/>\nIl est \u00e9troitement \u00e9tir\u00e9 sur un cadre en bois de deux centim\u00e8tres d&rsquo;\u00e9paisseur.<br \/>\nCe cadre en bois est en bois de qualit\u00e9 de pin approuv\u00e9 par le FSC.<\/p>\n<p>Un syst\u00e8me de suspension standard est fourni avec le produit pour fixer facilement l&rsquo;impression au mur.<\/p>\n","protected":false},"featured_media":50061,"template":"","meta":[],"product_brand":[],"product_cat":[27,19,67],"product_tag":[],"class_list":{"0":"post-50057","1":"product","2":"type-product","3":"status-publish","4":"has-post-thumbnail","6":"product_cat-deco-murale","7":"product_cat-decoration","8":"product_cat-toiles","9":"description-off","11":"first","12":"instock","13":"shipping-taxable","14":"purchasable","15":"product-type-simple"},"_links":{"self":[{"href":"https:\/\/www.sweetmaloryne.com\/boutique\/wp-json\/wp\/v2\/product\/50057","targetHints":{"allow":["GET"]}}],"collection":[{"href":"https:\/\/www.sweetmaloryne.com\/boutique\/wp-json\/wp\/v2\/product"}],"about":[{"href":"https:\/\/www.sweetmaloryne.com\/boutique\/wp-json\/wp\/v2\/types\/product"}],"wp:featuredmedia":[{"embeddable":true,"href":"https:\/\/www.sweetmaloryne.com\/boutique\/wp-json\/wp\/v2\/media\/50061"}],"wp:attachment":[{"href":"https:\/\/www.sweetmaloryne.com\/boutique\/wp-json\/wp\/v2\/media?parent=50057"}],"wp:term":[{"taxonomy":"product_brand","embeddable":true,"href":"https:\/\/www.sweetmaloryne.com\/boutique\/wp-json\/wp\/v2\/product_brand?post=50057"},{"taxonomy":"product_cat","embeddable":true,"href":"https:\/\/www.sweetmaloryne.com\/boutique\/wp-json\/wp\/v2\/product_cat?post=50057"},{"taxonomy":"product_tag","embeddable":true,"href":"https:\/\/www.sweetmaloryne.com\/boutique\/wp-json\/wp\/v2\/product_tag?post=50057"}],"curies":[{"name":"wp","href":"https:\/\/api.w.org\/{rel}","templated":true}]}}