{"id":50162,"date":"2025-09-26T09:36:12","date_gmt":"2025-09-26T07:36:12","guid":{"rendered":"https:\/\/www.sweetmaloryne.com\/boutique\/?post_type=product&#038;p=50162"},"modified":"2025-09-26T09:40:19","modified_gmt":"2025-09-26T07:40:19","slug":"boucles-doreilles-dorees-resine-estampe-plissee-motif-fleuri-bleu-et-blanc","status":"publish","type":"product","link":"https:\/\/www.sweetmaloryne.com\/boutique\/produit\/boucles-doreilles-dorees-resine-estampe-plissee-motif-fleuri-bleu-et-blanc\/","title":{"rendered":"Boucles d\u2019Oreilles Dor\u00e9es R\u00e9sine Estampe Pliss\u00e9e, Motif Fleuri Bleu et Blanc"},"content":{"rendered":"","protected":false},"excerpt":{"rendered":"<p>Boucles d\u2019oreilles r\u00e9sine, pendentifs estampes pliss\u00e9es et motif fleuri.<\/p>\n<p>Confection fait-main, le motif peut pr\u00e9senter quelques l\u00e9g\u00e8res variations de disposition et teintes.<br \/>\nComposition : Laiton dor\u00e9, Laiton or 24K, R\u00e9sine &amp; Papier photo<br \/>\nSans nickel<br \/>\nConnecteur 1 cm, Pendentif estampe 2,3cm, Hauteur 6,5 cm<br \/>\nPoids total env. 4 g<\/p>\n","protected":false},"featured_media":50165,"template":"","meta":[],"product_brand":[],"product_cat":[24,55,20],"product_tag":[],"class_list":{"0":"post-50162","1":"product","2":"type-product","3":"status-publish","4":"has-post-thumbnail","6":"product_cat-bijoux","7":"product_cat-boucles-d-oreilles","8":"product_cat-lifestyle","9":"description-off","11":"first","12":"instock","13":"shipping-taxable","14":"purchasable","15":"product-type-simple"},"_links":{"self":[{"href":"https:\/\/www.sweetmaloryne.com\/boutique\/wp-json\/wp\/v2\/product\/50162","targetHints":{"allow":["GET"]}}],"collection":[{"href":"https:\/\/www.sweetmaloryne.com\/boutique\/wp-json\/wp\/v2\/product"}],"about":[{"href":"https:\/\/www.sweetmaloryne.com\/boutique\/wp-json\/wp\/v2\/types\/product"}],"wp:featuredmedia":[{"embeddable":true,"href":"https:\/\/www.sweetmaloryne.com\/boutique\/wp-json\/wp\/v2\/media\/50165"}],"wp:attachment":[{"href":"https:\/\/www.sweetmaloryne.com\/boutique\/wp-json\/wp\/v2\/media?parent=50162"}],"wp:term":[{"taxonomy":"product_brand","embeddable":true,"href":"https:\/\/www.sweetmaloryne.com\/boutique\/wp-json\/wp\/v2\/product_brand?post=50162"},{"taxonomy":"product_cat","embeddable":true,"href":"https:\/\/www.sweetmaloryne.com\/boutique\/wp-json\/wp\/v2\/product_cat?post=50162"},{"taxonomy":"product_tag","embeddable":true,"href":"https:\/\/www.sweetmaloryne.com\/boutique\/wp-json\/wp\/v2\/product_tag?post=50162"}],"curies":[{"name":"wp","href":"https:\/\/api.w.org\/{rel}","templated":true}]}}