{"id":50178,"date":"2025-09-26T09:52:05","date_gmt":"2025-09-26T07:52:05","guid":{"rendered":"https:\/\/www.sweetmaloryne.com\/boutique\/?post_type=product&#038;p=50178"},"modified":"2025-09-26T09:55:50","modified_gmt":"2025-09-26T07:55:50","slug":"boucles-doreilles-coeur-fleur-tons-dores-blanc-transparent","status":"publish","type":"product","link":"https:\/\/www.sweetmaloryne.com\/boutique\/produit\/boucles-doreilles-coeur-fleur-tons-dores-blanc-transparent\/","title":{"rendered":"Boucles d&rsquo;Oreilles Coeur &#038;Fleur Tons Dor\u00e9s Blanc Transparent"},"content":{"rendered":"","protected":false},"excerpt":{"rendered":"<p>Boucles d&rsquo;oreilles coeur &amp; fleur tons dores blanc transparent<br \/>\nL&rsquo;amour encore et toujours! Un coeur original, des boucles chic et minimalistes!<\/p>\n<p>&#8211; Attaches clous d&rsquo;oreilles:<br \/>\nGouttes motifs vagues japonaises seigaiha en acier inoxydable, env. 15 mm de haut<\/p>\n<p>&#8211; Pendentifs en forme de coeur, motif fleuri tons blanc, sur fond translucide, mesurant env. 2 cm x 2,2 cm<\/p>\n<p>&#8211; Hauteur : environ 4 cm<\/p>\n<p>&#8211; Poids : 5 g la boucle pour le mod\u00e8le attaches fleuries, 2 g la boucles pour le mod\u00e8le aux attaches seigaiha.<\/p>\n<p>Attaches 1,8 cm ou 1,5 cm, Pendentif coeur 2 cm x 2,2 cm, Hauteur boucle env. 4 cm<\/p>\n<p>Attaches sans nickel<\/p>\n<p>\ud83c\udf81 Une pi\u00e8ce originale \u00e0 offrir ou \u00e0 s\u2019offrir<\/p>\n","protected":false},"featured_media":50181,"template":"","meta":[],"product_brand":[],"product_cat":[24,55,20],"product_tag":[],"class_list":{"0":"post-50178","1":"product","2":"type-product","3":"status-publish","4":"has-post-thumbnail","6":"product_cat-bijoux","7":"product_cat-boucles-d-oreilles","8":"product_cat-lifestyle","9":"description-off","11":"first","12":"instock","13":"shipping-taxable","14":"purchasable","15":"product-type-simple"},"_links":{"self":[{"href":"https:\/\/www.sweetmaloryne.com\/boutique\/wp-json\/wp\/v2\/product\/50178","targetHints":{"allow":["GET"]}}],"collection":[{"href":"https:\/\/www.sweetmaloryne.com\/boutique\/wp-json\/wp\/v2\/product"}],"about":[{"href":"https:\/\/www.sweetmaloryne.com\/boutique\/wp-json\/wp\/v2\/types\/product"}],"wp:featuredmedia":[{"embeddable":true,"href":"https:\/\/www.sweetmaloryne.com\/boutique\/wp-json\/wp\/v2\/media\/50181"}],"wp:attachment":[{"href":"https:\/\/www.sweetmaloryne.com\/boutique\/wp-json\/wp\/v2\/media?parent=50178"}],"wp:term":[{"taxonomy":"product_brand","embeddable":true,"href":"https:\/\/www.sweetmaloryne.com\/boutique\/wp-json\/wp\/v2\/product_brand?post=50178"},{"taxonomy":"product_cat","embeddable":true,"href":"https:\/\/www.sweetmaloryne.com\/boutique\/wp-json\/wp\/v2\/product_cat?post=50178"},{"taxonomy":"product_tag","embeddable":true,"href":"https:\/\/www.sweetmaloryne.com\/boutique\/wp-json\/wp\/v2\/product_tag?post=50178"}],"curies":[{"name":"wp","href":"https:\/\/api.w.org\/{rel}","templated":true}]}}