{"id":50186,"date":"2025-09-26T10:01:34","date_gmt":"2025-09-26T08:01:34","guid":{"rendered":"https:\/\/www.sweetmaloryne.com\/boutique\/?post_type=product&#038;p=50186"},"modified":"2025-09-26T10:07:33","modified_gmt":"2025-09-26T08:07:33","slug":"boucles-doreilles-dorees-dandelion-fleur-de-sakura","status":"publish","type":"product","link":"https:\/\/www.sweetmaloryne.com\/boutique\/produit\/boucles-doreilles-dorees-dandelion-fleur-de-sakura\/","title":{"rendered":"Boucles d&rsquo;Oreilles Dor\u00e9es Dandelion Fleur de Sakura"},"content":{"rendered":"","protected":false},"excerpt":{"rendered":"<p>Boucles d\u2019oreilles r\u00e9sine et laiton dor\u00e9 or 24K, estampe dandelion.<\/p>\n<p>Motif fleur. Cerisier, tons violet, rose &amp; dor\u00e9<\/p>\n<p>Confection fait-main, le motif peut pr\u00e9senter quelques l\u00e9g\u00e8res variations de disposition et teintes.<br \/>\nComposition : Laiton or 24K, Laiton dor\u00e9 rose, Acier inoxydable, R\u00e9sine &amp; Papier photo<br \/>\nSans nickel<br \/>\nDimension : Attaches 4,2 cm, Hauteur 8 cm, Largeur pendentif env. 2 cm<\/p>\n<p>Poids : 2gr<\/p>\n<p>\ud83c\udf81 Une pi\u00e8ce originale \u00e0 offrir ou \u00e0 s\u2019offrir<\/p>\n","protected":false},"featured_media":50187,"template":"","meta":[],"product_brand":[],"product_cat":[24,55,20],"product_tag":[],"class_list":{"0":"post-50186","1":"product","2":"type-product","3":"status-publish","4":"has-post-thumbnail","6":"product_cat-bijoux","7":"product_cat-boucles-d-oreilles","8":"product_cat-lifestyle","9":"description-off","11":"first","12":"instock","13":"shipping-taxable","14":"purchasable","15":"product-type-simple"},"_links":{"self":[{"href":"https:\/\/www.sweetmaloryne.com\/boutique\/wp-json\/wp\/v2\/product\/50186","targetHints":{"allow":["GET"]}}],"collection":[{"href":"https:\/\/www.sweetmaloryne.com\/boutique\/wp-json\/wp\/v2\/product"}],"about":[{"href":"https:\/\/www.sweetmaloryne.com\/boutique\/wp-json\/wp\/v2\/types\/product"}],"wp:featuredmedia":[{"embeddable":true,"href":"https:\/\/www.sweetmaloryne.com\/boutique\/wp-json\/wp\/v2\/media\/50187"}],"wp:attachment":[{"href":"https:\/\/www.sweetmaloryne.com\/boutique\/wp-json\/wp\/v2\/media?parent=50186"}],"wp:term":[{"taxonomy":"product_brand","embeddable":true,"href":"https:\/\/www.sweetmaloryne.com\/boutique\/wp-json\/wp\/v2\/product_brand?post=50186"},{"taxonomy":"product_cat","embeddable":true,"href":"https:\/\/www.sweetmaloryne.com\/boutique\/wp-json\/wp\/v2\/product_cat?post=50186"},{"taxonomy":"product_tag","embeddable":true,"href":"https:\/\/www.sweetmaloryne.com\/boutique\/wp-json\/wp\/v2\/product_tag?post=50186"}],"curies":[{"name":"wp","href":"https:\/\/api.w.org\/{rel}","templated":true}]}}