{"id":50188,"date":"2025-09-26T10:07:46","date_gmt":"2025-09-26T08:07:46","guid":{"rendered":"https:\/\/www.sweetmaloryne.com\/boutique\/?post_type=product&#038;p=50188"},"modified":"2025-09-26T10:09:43","modified_gmt":"2025-09-26T08:09:43","slug":"boucles-doreilles-creoles-nacre-sequin-tons-dores-blanc","status":"publish","type":"product","link":"https:\/\/www.sweetmaloryne.com\/boutique\/produit\/boucles-doreilles-creoles-nacre-sequin-tons-dores-blanc\/","title":{"rendered":"Boucles d&rsquo;Oreilles Cr\u00e9oles Nacre Sequin Tons Dor\u00e9s Blanc"},"content":{"rendered":"","protected":false},"excerpt":{"rendered":"<p>Boucles d\u2019oreilles cr\u00e9ole nacre et sequin<br \/>\nUn mod\u00e8le chic et minimaliste.<\/p>\n<p>Cr\u00e9oles laiton dor\u00e9 or 24K 25 mm<br \/>\nPendentif sequin rond nacre 20 mm<br \/>\nPendentif sequin martel\u00e9 galvanisation dor\u00e9, 14 mm<\/p>\n<p>Hauteur : environ 5 cm<\/p>\n<p>Poids : 2 g la boucle<\/p>\n<p>Chaque ronde de nacre est unique et peut pr\u00e9senter des irr\u00e9gularit\u00e9 propre \u00e0 la nacre<\/p>\n<p>\ud83c\udf81 Une pi\u00e8ce originale \u00e0 offrir ou \u00e0 s\u2019offrir<\/p>\n","protected":false},"featured_media":50190,"template":"","meta":[],"product_brand":[],"product_cat":[24,55,20],"product_tag":[],"class_list":{"0":"post-50188","1":"product","2":"type-product","3":"status-publish","4":"has-post-thumbnail","6":"product_cat-bijoux","7":"product_cat-boucles-d-oreilles","8":"product_cat-lifestyle","9":"description-off","11":"first","12":"instock","13":"shipping-taxable","14":"purchasable","15":"product-type-simple"},"_links":{"self":[{"href":"https:\/\/www.sweetmaloryne.com\/boutique\/wp-json\/wp\/v2\/product\/50188","targetHints":{"allow":["GET"]}}],"collection":[{"href":"https:\/\/www.sweetmaloryne.com\/boutique\/wp-json\/wp\/v2\/product"}],"about":[{"href":"https:\/\/www.sweetmaloryne.com\/boutique\/wp-json\/wp\/v2\/types\/product"}],"wp:featuredmedia":[{"embeddable":true,"href":"https:\/\/www.sweetmaloryne.com\/boutique\/wp-json\/wp\/v2\/media\/50190"}],"wp:attachment":[{"href":"https:\/\/www.sweetmaloryne.com\/boutique\/wp-json\/wp\/v2\/media?parent=50188"}],"wp:term":[{"taxonomy":"product_brand","embeddable":true,"href":"https:\/\/www.sweetmaloryne.com\/boutique\/wp-json\/wp\/v2\/product_brand?post=50188"},{"taxonomy":"product_cat","embeddable":true,"href":"https:\/\/www.sweetmaloryne.com\/boutique\/wp-json\/wp\/v2\/product_cat?post=50188"},{"taxonomy":"product_tag","embeddable":true,"href":"https:\/\/www.sweetmaloryne.com\/boutique\/wp-json\/wp\/v2\/product_tag?post=50188"}],"curies":[{"name":"wp","href":"https:\/\/api.w.org\/{rel}","templated":true}]}}