{"id":50493,"date":"2025-10-14T14:22:10","date_gmt":"2025-10-14T12:22:10","guid":{"rendered":"https:\/\/www.sweetmaloryne.com\/boutique\/?post_type=product&#038;p=50493"},"modified":"2025-10-14T14:22:10","modified_gmt":"2025-10-14T12:22:10","slug":"bague-ovale-doree-et-resine-bleue-ajustable-acier-inoxydable","status":"publish","type":"product","link":"https:\/\/www.sweetmaloryne.com\/boutique\/produit\/bague-ovale-doree-et-resine-bleue-ajustable-acier-inoxydable\/","title":{"rendered":"Bague Ovale Dor\u00e9e et R\u00e9sine Bleue, Ajustable, Acier Inoxydable"},"content":{"rendered":"","protected":false},"excerpt":{"rendered":"<h4 class=\"ak-heading--4 ds-text-primary\" data-v-31657ff4=\"\" data-v-f31ef1d2=\"\">Description<\/h4>\n<div data-v-cbba9010=\"\" data-v-f31ef1d2=\"\">\n<div class=\"rich-description ds-text-base ds-text-neutral-900 text-collapsed\" data-v-cbba9010=\"\">Une bague ovale color\u00e9e en acier inoxydable dor\u00e9 et r\u00e9sine. Le bijou est garanti sans nickel, sans cadmium, sans sel de plomb<\/div>\n<\/div>\n","protected":false},"featured_media":50494,"template":"","meta":[],"product_brand":[931],"product_cat":[61,24,20],"product_tag":[],"class_list":{"0":"post-50493","1":"product","2":"type-product","3":"status-publish","4":"has-post-thumbnail","6":"product_brand-oclys","7":"product_cat-bagues","8":"product_cat-bijoux","9":"product_cat-lifestyle","10":"description-off","12":"first","13":"instock","14":"shipping-taxable","15":"purchasable","16":"product-type-simple"},"_links":{"self":[{"href":"https:\/\/www.sweetmaloryne.com\/boutique\/wp-json\/wp\/v2\/product\/50493","targetHints":{"allow":["GET"]}}],"collection":[{"href":"https:\/\/www.sweetmaloryne.com\/boutique\/wp-json\/wp\/v2\/product"}],"about":[{"href":"https:\/\/www.sweetmaloryne.com\/boutique\/wp-json\/wp\/v2\/types\/product"}],"wp:featuredmedia":[{"embeddable":true,"href":"https:\/\/www.sweetmaloryne.com\/boutique\/wp-json\/wp\/v2\/media\/50494"}],"wp:attachment":[{"href":"https:\/\/www.sweetmaloryne.com\/boutique\/wp-json\/wp\/v2\/media?parent=50493"}],"wp:term":[{"taxonomy":"product_brand","embeddable":true,"href":"https:\/\/www.sweetmaloryne.com\/boutique\/wp-json\/wp\/v2\/product_brand?post=50493"},{"taxonomy":"product_cat","embeddable":true,"href":"https:\/\/www.sweetmaloryne.com\/boutique\/wp-json\/wp\/v2\/product_cat?post=50493"},{"taxonomy":"product_tag","embeddable":true,"href":"https:\/\/www.sweetmaloryne.com\/boutique\/wp-json\/wp\/v2\/product_tag?post=50493"}],"curies":[{"name":"wp","href":"https:\/\/api.w.org\/{rel}","templated":true}]}}