{"id":50519,"date":"2025-10-14T14:22:09","date_gmt":"2025-10-14T12:22:09","guid":{"rendered":"https:\/\/www.sweetmaloryne.com\/boutique\/?post_type=product&#038;p=50519"},"modified":"2025-10-14T14:22:09","modified_gmt":"2025-10-14T12:22:09","slug":"boucles-doreilles-en-acier-inoxydable-en-forme-de-coeur-sacre-resine-corail","status":"publish","type":"product","link":"https:\/\/www.sweetmaloryne.com\/boutique\/produit\/boucles-doreilles-en-acier-inoxydable-en-forme-de-coeur-sacre-resine-corail\/","title":{"rendered":"Boucles d&rsquo;Oreilles en Acier Inoxydable en Forme de C\u0153ur Sacr\u00e9 R\u00e9sine Corail"},"content":{"rendered":"","protected":false},"excerpt":{"rendered":"<h4 class=\"ak-heading--4 ds-text-primary\" data-v-31657ff4=\"\" data-v-f31ef1d2=\"\">Description<\/h4>\n<div data-v-cbba9010=\"\" data-v-f31ef1d2=\"\">\n<div class=\"rich-description ds-text-base ds-text-neutral-900 text-collapsed\" data-v-cbba9010=\"\">Une paire de boucles d&rsquo;oreilles en acier inoxydable en forme de c\u0153ur sacr\u00e9 color\u00e9.<\/div>\n<div class=\"rich-description ds-text-base ds-text-neutral-900 text-collapsed\" data-v-cbba9010=\"\">Le bijou est garanti sans nickel, sans cadmium, sans sel de plomb.<\/div>\n<\/div>\n","protected":false},"featured_media":50521,"template":"","meta":[],"product_brand":[931],"product_cat":[24,55,20],"product_tag":[],"class_list":{"0":"post-50519","1":"product","2":"type-product","3":"status-publish","4":"has-post-thumbnail","6":"product_brand-oclys","7":"product_cat-bijoux","8":"product_cat-boucles-d-oreilles","9":"product_cat-lifestyle","10":"description-off","12":"first","13":"instock","14":"shipping-taxable","15":"purchasable","16":"product-type-simple"},"_links":{"self":[{"href":"https:\/\/www.sweetmaloryne.com\/boutique\/wp-json\/wp\/v2\/product\/50519","targetHints":{"allow":["GET"]}}],"collection":[{"href":"https:\/\/www.sweetmaloryne.com\/boutique\/wp-json\/wp\/v2\/product"}],"about":[{"href":"https:\/\/www.sweetmaloryne.com\/boutique\/wp-json\/wp\/v2\/types\/product"}],"wp:featuredmedia":[{"embeddable":true,"href":"https:\/\/www.sweetmaloryne.com\/boutique\/wp-json\/wp\/v2\/media\/50521"}],"wp:attachment":[{"href":"https:\/\/www.sweetmaloryne.com\/boutique\/wp-json\/wp\/v2\/media?parent=50519"}],"wp:term":[{"taxonomy":"product_brand","embeddable":true,"href":"https:\/\/www.sweetmaloryne.com\/boutique\/wp-json\/wp\/v2\/product_brand?post=50519"},{"taxonomy":"product_cat","embeddable":true,"href":"https:\/\/www.sweetmaloryne.com\/boutique\/wp-json\/wp\/v2\/product_cat?post=50519"},{"taxonomy":"product_tag","embeddable":true,"href":"https:\/\/www.sweetmaloryne.com\/boutique\/wp-json\/wp\/v2\/product_tag?post=50519"}],"curies":[{"name":"wp","href":"https:\/\/api.w.org\/{rel}","templated":true}]}}