{"id":50522,"date":"2025-10-14T14:22:09","date_gmt":"2025-10-14T12:22:09","guid":{"rendered":"https:\/\/www.sweetmaloryne.com\/boutique\/?post_type=product&#038;p=50522"},"modified":"2025-10-14T17:38:53","modified_gmt":"2025-10-14T15:38:53","slug":"creoles-en-acier-inoxydable-dore-torsade-avec-strass","status":"publish","type":"product","link":"https:\/\/www.sweetmaloryne.com\/boutique\/produit\/creoles-en-acier-inoxydable-dore-torsade-avec-strass\/","title":{"rendered":"Cr\u00e9oles en Acier Inoxydable Dor\u00e9 Torsad\u00e9 avec Strass"},"content":{"rendered":"","protected":false},"excerpt":{"rendered":"<div data-v-cbba9010=\"\" data-v-f31ef1d2=\"\">\n<div class=\"rich-description ds-text-base ds-text-neutral-900 text-collapsed\" data-v-cbba9010=\"\">\n<h4 class=\"ak-heading--4 ds-text-primary\" data-v-31657ff4=\"\" data-v-f31ef1d2=\"\">Description<\/h4>\n<div data-v-cbba9010=\"\" data-v-f31ef1d2=\"\">\n<div class=\"rich-description ds-text-base ds-text-neutral-900 text-collapsed\" data-v-cbba9010=\"\">Une paire de cr\u00e9oles en acier inoxydable dor\u00e9 avec un effet torsad\u00e9 \u00e9l\u00e9gant, rehauss\u00e9es de strass incrust\u00e9s pour une touche brillante et sophistiqu\u00e9e.<\/p>\n<p>Le bijou est garanti sans nickel, sans cadmium, sans sel de plomb.<\/p><\/div>\n<\/div>\n<\/div>\n<div class=\"rich-description ds-text-base ds-text-neutral-900 text-collapsed\" data-v-cbba9010=\"\"><\/div>\n<\/div>\n","protected":false},"featured_media":50524,"template":"","meta":[],"product_brand":[931],"product_cat":[24,55,20],"product_tag":[],"class_list":{"0":"post-50522","1":"product","2":"type-product","3":"status-publish","4":"has-post-thumbnail","6":"product_brand-oclys","7":"product_cat-bijoux","8":"product_cat-boucles-d-oreilles","9":"product_cat-lifestyle","10":"description-off","12":"first","13":"instock","14":"shipping-taxable","15":"purchasable","16":"product-type-simple"},"_links":{"self":[{"href":"https:\/\/www.sweetmaloryne.com\/boutique\/wp-json\/wp\/v2\/product\/50522","targetHints":{"allow":["GET"]}}],"collection":[{"href":"https:\/\/www.sweetmaloryne.com\/boutique\/wp-json\/wp\/v2\/product"}],"about":[{"href":"https:\/\/www.sweetmaloryne.com\/boutique\/wp-json\/wp\/v2\/types\/product"}],"wp:featuredmedia":[{"embeddable":true,"href":"https:\/\/www.sweetmaloryne.com\/boutique\/wp-json\/wp\/v2\/media\/50524"}],"wp:attachment":[{"href":"https:\/\/www.sweetmaloryne.com\/boutique\/wp-json\/wp\/v2\/media?parent=50522"}],"wp:term":[{"taxonomy":"product_brand","embeddable":true,"href":"https:\/\/www.sweetmaloryne.com\/boutique\/wp-json\/wp\/v2\/product_brand?post=50522"},{"taxonomy":"product_cat","embeddable":true,"href":"https:\/\/www.sweetmaloryne.com\/boutique\/wp-json\/wp\/v2\/product_cat?post=50522"},{"taxonomy":"product_tag","embeddable":true,"href":"https:\/\/www.sweetmaloryne.com\/boutique\/wp-json\/wp\/v2\/product_tag?post=50522"}],"curies":[{"name":"wp","href":"https:\/\/api.w.org\/{rel}","templated":true}]}}