{"id":50550,"date":"2025-10-14T14:22:08","date_gmt":"2025-10-14T12:22:08","guid":{"rendered":"https:\/\/www.sweetmaloryne.com\/boutique\/?post_type=product&#038;p=50550"},"modified":"2025-10-14T14:22:08","modified_gmt":"2025-10-14T12:22:08","slug":"collier-en-acier-inoxydable-5-breloques","status":"publish","type":"product","link":"https:\/\/www.sweetmaloryne.com\/boutique\/produit\/collier-en-acier-inoxydable-5-breloques\/","title":{"rendered":"Collier en Acier Inoxydable 5 Breloques"},"content":{"rendered":"","protected":false},"excerpt":{"rendered":"<div data-v-cbba9010=\"\" data-v-f31ef1d2=\"\">\n<div class=\"rich-description ds-text-base ds-text-neutral-900 gradient-ellipsis\" data-v-cbba9010=\"\">\n<div data-v-cbba9010=\"\" data-v-f31ef1d2=\"\">\n<div class=\"rich-description ds-text-base ds-text-neutral-900 text-collapsed\" data-v-cbba9010=\"\">\n<div data-v-cbba9010=\"\" data-v-f31ef1d2=\"\">\n<div class=\"rich-description ds-text-base ds-text-neutral-900 text-collapsed\" data-v-cbba9010=\"\">\n<div data-v-cbba9010=\"\" data-v-f31ef1d2=\"\">\n<div class=\"rich-description ds-text-base ds-text-neutral-900 gradient-ellipsis\" data-v-cbba9010=\"\">\n<div data-v-cbba9010=\"\" data-v-f31ef1d2=\"\">\n<div class=\"rich-description ds-text-base ds-text-neutral-900 text-collapsed\" data-v-cbba9010=\"\">\n<h4 class=\"ak-heading--4 ds-text-primary\" data-v-31657ff4=\"\" data-v-f31ef1d2=\"\">Description<\/h4>\n<div data-v-cbba9010=\"\" data-v-f31ef1d2=\"\">\n<div class=\"rich-description ds-text-base ds-text-neutral-900 gradient-ellipsis\" data-v-cbba9010=\"\">Collier d\u00e9licat en acier inoxydable dor\u00e9, orn\u00e9 de 5 breloques, dont un motif arc-en-ciel central strass, symbole de joie et de positivit\u00e9. Un bijou color\u00e9, lumineux et facile \u00e0 porter au quotidien.<\/p>\n<p>Longueur de la cha\u00eene: 38cm<br \/>\nLongueur de la cha\u00eene r\u00e9glable: 5cm<\/p><\/div>\n<\/div>\n<\/div>\n<\/div>\n<\/div>\n<div data-v-cbba9010=\"\"><\/div>\n<\/div>\n<\/div>\n<\/div>\n<\/div>\n<\/div>\n<p>Hypoallerg\u00e9niques, garanties sans nickel, sans plomb, sans cadmium.<\/p>\n<\/div>\n<\/div>\n","protected":false},"featured_media":50552,"template":"","meta":[],"product_brand":[931],"product_cat":[24,42,20],"product_tag":[],"class_list":{"0":"post-50550","1":"product","2":"type-product","3":"status-publish","4":"has-post-thumbnail","6":"product_brand-oclys","7":"product_cat-bijoux","8":"product_cat-colliers","9":"product_cat-lifestyle","10":"description-off","12":"first","13":"instock","14":"shipping-taxable","15":"purchasable","16":"product-type-simple"},"_links":{"self":[{"href":"https:\/\/www.sweetmaloryne.com\/boutique\/wp-json\/wp\/v2\/product\/50550","targetHints":{"allow":["GET"]}}],"collection":[{"href":"https:\/\/www.sweetmaloryne.com\/boutique\/wp-json\/wp\/v2\/product"}],"about":[{"href":"https:\/\/www.sweetmaloryne.com\/boutique\/wp-json\/wp\/v2\/types\/product"}],"wp:featuredmedia":[{"embeddable":true,"href":"https:\/\/www.sweetmaloryne.com\/boutique\/wp-json\/wp\/v2\/media\/50552"}],"wp:attachment":[{"href":"https:\/\/www.sweetmaloryne.com\/boutique\/wp-json\/wp\/v2\/media?parent=50550"}],"wp:term":[{"taxonomy":"product_brand","embeddable":true,"href":"https:\/\/www.sweetmaloryne.com\/boutique\/wp-json\/wp\/v2\/product_brand?post=50550"},{"taxonomy":"product_cat","embeddable":true,"href":"https:\/\/www.sweetmaloryne.com\/boutique\/wp-json\/wp\/v2\/product_cat?post=50550"},{"taxonomy":"product_tag","embeddable":true,"href":"https:\/\/www.sweetmaloryne.com\/boutique\/wp-json\/wp\/v2\/product_tag?post=50550"}],"curies":[{"name":"wp","href":"https:\/\/api.w.org\/{rel}","templated":true}]}}