{"id":50553,"date":"2025-10-14T14:22:08","date_gmt":"2025-10-14T12:22:08","guid":{"rendered":"https:\/\/www.sweetmaloryne.com\/boutique\/?post_type=product&#038;p=50553"},"modified":"2025-10-14T14:22:08","modified_gmt":"2025-10-14T12:22:08","slug":"collier-maille-serpent-en-acier-inoxydable-coeur-et-perles-nacrees","status":"publish","type":"product","link":"https:\/\/www.sweetmaloryne.com\/boutique\/produit\/collier-maille-serpent-en-acier-inoxydable-coeur-et-perles-nacrees\/","title":{"rendered":"Collier Maille Serpent en Acier Inoxydable Coeur et Perles Nacr\u00e9es"},"content":{"rendered":"","protected":false},"excerpt":{"rendered":"<div data-v-cbba9010=\"\" data-v-f31ef1d2=\"\">\n<div class=\"rich-description ds-text-base ds-text-neutral-900 gradient-ellipsis\" data-v-cbba9010=\"\">\n<div data-v-cbba9010=\"\" data-v-f31ef1d2=\"\">\n<div class=\"rich-description ds-text-base ds-text-neutral-900 text-collapsed\" data-v-cbba9010=\"\">\n<div data-v-cbba9010=\"\" data-v-f31ef1d2=\"\">\n<div class=\"rich-description ds-text-base ds-text-neutral-900 text-collapsed\" data-v-cbba9010=\"\">\n<div data-v-cbba9010=\"\" data-v-f31ef1d2=\"\">\n<div class=\"rich-description ds-text-base ds-text-neutral-900 gradient-ellipsis\" data-v-cbba9010=\"\">\n<div data-v-cbba9010=\"\" data-v-f31ef1d2=\"\">\n<div class=\"rich-description ds-text-base ds-text-neutral-900 text-collapsed\" data-v-cbba9010=\"\"><\/div>\n<\/div>\n<\/div>\n<div data-v-cbba9010=\"\">\n<h4 class=\"ak-heading--4 ds-text-primary\" data-v-31657ff4=\"\" data-v-f31ef1d2=\"\">Description<\/h4>\n<div data-v-cbba9010=\"\" data-v-f31ef1d2=\"\">\n<div class=\"rich-description ds-text-base ds-text-neutral-900 text-collapsed\" data-v-cbba9010=\"\">Un collier maille serpent avec des c\u0153urs et perles nacr\u00e9es en acier inoxydable.<\/div>\n<div class=\"rich-description ds-text-base ds-text-neutral-900 text-collapsed\" data-v-cbba9010=\"\">Il y a un c\u0153ur pendant au milieu au bout d&rsquo;une chaine avec des perles nacr\u00e9es dessus.<\/div>\n<div class=\"rich-description ds-text-base ds-text-neutral-900 text-collapsed\" data-v-cbba9010=\"\">On peut retrouver un autre c\u0153ur plus petit \u00e0 c\u00f4t\u00e9 et une boule dor\u00e9e.<\/div>\n<\/div>\n<\/div>\n<\/div>\n<\/div>\n<\/div>\n<\/div>\n<\/div>\n<p>Hypoallerg\u00e9niques, garanties sans nickel, sans plomb, sans cadmium.<\/p>\n<\/div>\n<\/div>\n","protected":false},"featured_media":50555,"template":"","meta":[],"product_brand":[931],"product_cat":[24,42,20],"product_tag":[],"class_list":{"0":"post-50553","1":"product","2":"type-product","3":"status-publish","4":"has-post-thumbnail","6":"product_brand-oclys","7":"product_cat-bijoux","8":"product_cat-colliers","9":"product_cat-lifestyle","10":"description-off","12":"first","13":"instock","14":"shipping-taxable","15":"purchasable","16":"product-type-simple"},"_links":{"self":[{"href":"https:\/\/www.sweetmaloryne.com\/boutique\/wp-json\/wp\/v2\/product\/50553","targetHints":{"allow":["GET"]}}],"collection":[{"href":"https:\/\/www.sweetmaloryne.com\/boutique\/wp-json\/wp\/v2\/product"}],"about":[{"href":"https:\/\/www.sweetmaloryne.com\/boutique\/wp-json\/wp\/v2\/types\/product"}],"wp:featuredmedia":[{"embeddable":true,"href":"https:\/\/www.sweetmaloryne.com\/boutique\/wp-json\/wp\/v2\/media\/50555"}],"wp:attachment":[{"href":"https:\/\/www.sweetmaloryne.com\/boutique\/wp-json\/wp\/v2\/media?parent=50553"}],"wp:term":[{"taxonomy":"product_brand","embeddable":true,"href":"https:\/\/www.sweetmaloryne.com\/boutique\/wp-json\/wp\/v2\/product_brand?post=50553"},{"taxonomy":"product_cat","embeddable":true,"href":"https:\/\/www.sweetmaloryne.com\/boutique\/wp-json\/wp\/v2\/product_cat?post=50553"},{"taxonomy":"product_tag","embeddable":true,"href":"https:\/\/www.sweetmaloryne.com\/boutique\/wp-json\/wp\/v2\/product_tag?post=50553"}],"curies":[{"name":"wp","href":"https:\/\/api.w.org\/{rel}","templated":true}]}}