{"id":50595,"date":"2025-10-16T09:59:33","date_gmt":"2025-10-16T07:59:33","guid":{"rendered":"https:\/\/www.sweetmaloryne.com\/boutique\/?post_type=product&#038;p=50595"},"modified":"2026-01-01T11:03:36","modified_gmt":"2026-01-01T10:03:36","slug":"bougie-naturelle-100-cire-de-soja-parfum-citrouille-blanche-ambree-pot-citrouille-en-ceramique-35h","status":"publish","type":"product","link":"https:\/\/www.sweetmaloryne.com\/boutique\/produit\/bougie-naturelle-100-cire-de-soja-parfum-citrouille-blanche-ambree-pot-citrouille-en-ceramique-35h\/","title":{"rendered":"Bougie Naturelle 100% Cire de Soja, Parfum Citrouille Blanche Ambr\u00e9e, Pot Citrouille en C\u00e9ramique, 35H"},"content":{"rendered":"<h2><strong>Caract\u00e9ristiques:<\/strong><\/h2>\n<ul>\n<li>Cire v\u00e9g\u00e9tale Premium\u00a0<strong>100% Naturelle<\/strong>\u00a0et sans OGM<\/li>\n<li>Parfum Premium de\u00a0<strong>Grasse\u00a0<\/strong>sans phtalates, ni CMR<\/li>\n<li>M\u00e8che en coton<\/li>\n<li>Pot forme Citrouille en C\u00e9ramique Blanc Brillant<\/li>\n<\/ul>\n<p>&nbsp;<\/p>\n<table width=\"100%\">\n<tbody>\n<tr>\n<td><\/td>\n<td><\/td>\n<td><\/td>\n<td><\/td>\n<\/tr>\n<tr>\n<td><strong>Dur\u00e9e de combustion<\/strong><\/td>\n<td>35h<\/td>\n<td><\/td>\n<td><\/td>\n<\/tr>\n<tr>\n<td><strong>Dimensions<\/strong><\/td>\n<td>10,5cm x 9cm<\/td>\n<td><\/td>\n<td><\/td>\n<\/tr>\n<tr>\n<td><strong>Cire Parfum\u00e9e<br \/>\n<\/strong><\/td>\n<td>150g<\/td>\n<\/tr>\n<\/tbody>\n<\/table>\n<p>&nbsp;<\/p>\n<div id=\"description\" class=\"tab-pane fade in active\" role=\"tabpanel\">\n<div class=\"product-description\">\n<p>\u2022<strong> Les Bougies parfum\u00e9es<\/strong><\/p>\n<p>&#8211; Nos Bougies parfum\u00e9es sont r\u00e9alis\u00e9es par nos soins, dans notre atelier \u00e0 Bining en Moselle (Pays de Bitche), de fa\u00e7on artisanale (fait main) et avec des mati\u00e8res premi\u00e8res de qualit\u00e9 sup\u00e9rieure<\/p>\n<p>&#8211; Garantie sans substances CMR (substances canc\u00e9rig\u00e8nes, mutag\u00e8nes et reprotoxiques), ne contiennent pas de Phtalate<\/p>\n<p>&#8211; Toutes nos Bougies parfum\u00e9es disposent d&rsquo;un couvercle pour les prot\u00e9ger et les conserver<\/p>\n<p>\u2022\u00a0<strong>La cire de Soja<\/strong><\/p>\n<p>&#8211; Notre cire de Soja est 100% v\u00e9g\u00e9tale, 100% biod\u00e9gradable, sans OGM, sans pesticides, sans herbicides et surtout non test\u00e9 sur les Animaux (cire cruelty free)<\/p>\n<p>&#8211; La combustion, de notre cire de Soja , n&rsquo;\u00e9met aucune substances toxiques ou polluantes et ne produit aucune fum\u00e9e ni odeur<\/p>\n<p>&#8211; Pas besoin d&rsquo;utiliser de solvants pour nettoyer notre cire de Soja , il suffit simplement d&rsquo;utiliser de l&rsquo;eau chaude avec un peu de liquide vaisselle<\/p>\n<p>\u2022\u00a0<strong>Les Parfums\u00a0 \u00a0 \u00a0<\/strong><\/p>\n<p>&#8211; Nos Parfums sont fabriqu\u00e9s par les plus grands artisans parfumeurs de la tr\u00e8s c\u00e9l\u00e8bre ville de Grasse ( capitale des parfums) et r\u00e9pondent aux normes IFRA<\/p>\n<p>&#8211; Garantie sans substances CMR (substances canc\u00e9rig\u00e8nes, mutag\u00e8nes et reprotoxiques), ne contient pas de Phtalate<\/p>\n<p>\u2022\u00a0<strong>Les M\u00e8ches<\/strong><\/p>\n<p>&#8211; Nos m\u00e8ches sont 100% coton et conformes aux normes europ\u00e9ennes REACH<\/p>\n<p>&#8211; Nos m\u00e8ches nous permettent d&rsquo;obtenir une qualit\u00e9 de diffusion optimale du parfum contenu dans nos Bougies parfum\u00e9es<\/p>\n<p>\u2022<strong>\u00a0Conseils d&rsquo;utilisation<\/strong><\/p>\n<p>&#8211; Lors de la premi\u00e8re utilisation de votre Bougie parfum\u00e9e, ils est imp\u00e9ratif de la laisser br\u00fbler au moins 2H, car il faut lui laisser le temps pour qu&rsquo;elle fasse fondre toute la surface de sa cire (la piscine) et gr\u00e2ce \u00e0 \u00e7a votre Bougie parfum\u00e9e diffusera mieux son parfum et \u00e9vitera \u00e0 la m\u00e8che de se creuser<\/p>\n<p>&#8211; Coupez toujours la m\u00e8che avant chaque rallumage (de 7mm \u00e0 1cm) pour \u00e9viter la formation de fum\u00e9e mais aussi pour que votre Bougie parfum\u00e9e ne se consume pas trop vite<\/p>\n<p>&#8211; Ne laissez pas votre Bougie parfum\u00e9e br\u00fbler plus de 4 heures<\/p>\n<p>&#8211; Pour \u00e9teindre votre Bougie parfum\u00e9e, il suffit de plonger la m\u00e8che dans la cire avec une pince et de la redresser imm\u00e9diatement, cela enrobera votre m\u00e8che de cire pour un meilleur allumage par la suite et lui \u00e9vitera de fumer<\/p>\n<p>&#8211; N&rsquo;h\u00e9sitez pas \u00e0 recentrer votre m\u00e8che \u00e0 chaque fois que vous \u00e9teignez votre Bougie parfum\u00e9e pour une meilleure combustion au prochain allumage<\/p>\n<p>\u2022<strong> Conseils de s\u00e9curit\u00e9<\/strong><\/p>\n<p>&#8211; Placez votre Bougie parfum\u00e9e sur une surface plane \u00e0 l&rsquo;abri des courants d&rsquo;air<\/p>\n<p>&#8211; Ne laissez jamais une Bougie parfum\u00e9e allum\u00e9e sans surveillance<\/p>\n<p>&#8211; Faites br\u00fbler vos Bougies parfum\u00e9es hors de port\u00e9e des enfants et des animaux<\/p>\n<p>&#8211; N&rsquo;allumez jamais de Bougies parfum\u00e9es \u00e0 proximit\u00e9 d&rsquo;objets inflammables<\/p>\n<p>&#8211; Laissez toujours 10cm entre plusieurs Bougies parfum\u00e9es allum\u00e9es<\/p>\n<p>&#8211; Evitez d&rsquo;inhaler directement le fum\u00e9e<\/p>\n<p>&#8211; Ventilez la pi\u00e8ce apr\u00e8s utilisation.<\/p>\n<\/div>\n<\/div>\n","protected":false},"excerpt":{"rendered":"<p>Ces bougies sont fabriqu\u00e9es \u00e0 la main dans l&rsquo;atelier de Sweet Maloryne en Moselle, avec des produits de qualit\u00e9.<\/p>\n<p>Elles sont compos\u00e9es de cire de soja, d&rsquo;une m\u00e8che en coton.<\/p>\n<p>Leurs parfums sont \u00e9labor\u00e9s \u00e0 Grasse.<\/p>\n<p>Ces bougies r\u00e9pondent aux normes europ\u00e9ennes :IFRA, CLP CE N\u00b01907\/2006 et ne contiennent pas de substances CMR (canc\u00e9rig\u00e8nes, mutag\u00e8nes, reportoxiques)<\/p>\n<p><img fetchpriority=\"high\" decoding=\"async\" class=\"alignnone size-medium wp-image-35509\" src=\"https:\/\/www.sweetmaloryne.com\/boutique\/wp-content\/uploads\/2024\/03\/IMG_2132-286x300.jpg\" alt=\"\" width=\"286\" height=\"300\" srcset=\"https:\/\/www.sweetmaloryne.com\/boutique\/wp-content\/uploads\/2024\/03\/IMG_2132-286x300.jpg 286w, https:\/\/www.sweetmaloryne.com\/boutique\/wp-content\/uploads\/2024\/03\/IMG_2132.jpg 678w\" sizes=\"(max-width: 286px) 100vw, 286px\" \/><\/p>\n","protected":false},"featured_media":50598,"template":"","meta":[],"product_brand":[],"product_cat":[22,48,32,20,658,825],"product_tag":[],"class_list":{"0":"post-50595","1":"product","2":"type-product","3":"status-publish","4":"has-post-thumbnail","6":"product_cat-destockage","7":"product_cat-bougies-naturelles","8":"product_cat-bougies","9":"product_cat-lifestyle","10":"product_cat-nouveautes","11":"product_cat-parfum-dinterieur","12":"description-off","14":"first","15":"instock","16":"sale","17":"shipping-taxable","18":"purchasable","19":"product-type-simple"},"_links":{"self":[{"href":"https:\/\/www.sweetmaloryne.com\/boutique\/wp-json\/wp\/v2\/product\/50595","targetHints":{"allow":["GET"]}}],"collection":[{"href":"https:\/\/www.sweetmaloryne.com\/boutique\/wp-json\/wp\/v2\/product"}],"about":[{"href":"https:\/\/www.sweetmaloryne.com\/boutique\/wp-json\/wp\/v2\/types\/product"}],"wp:featuredmedia":[{"embeddable":true,"href":"https:\/\/www.sweetmaloryne.com\/boutique\/wp-json\/wp\/v2\/media\/50598"}],"wp:attachment":[{"href":"https:\/\/www.sweetmaloryne.com\/boutique\/wp-json\/wp\/v2\/media?parent=50595"}],"wp:term":[{"taxonomy":"product_brand","embeddable":true,"href":"https:\/\/www.sweetmaloryne.com\/boutique\/wp-json\/wp\/v2\/product_brand?post=50595"},{"taxonomy":"product_cat","embeddable":true,"href":"https:\/\/www.sweetmaloryne.com\/boutique\/wp-json\/wp\/v2\/product_cat?post=50595"},{"taxonomy":"product_tag","embeddable":true,"href":"https:\/\/www.sweetmaloryne.com\/boutique\/wp-json\/wp\/v2\/product_tag?post=50595"}],"curies":[{"name":"wp","href":"https:\/\/api.w.org\/{rel}","templated":true}]}}