{"id":50599,"date":"2025-10-16T10:45:13","date_gmt":"2025-10-16T08:45:13","guid":{"rendered":"https:\/\/www.sweetmaloryne.com\/boutique\/?post_type=product&#038;p=50599"},"modified":"2025-10-16T10:52:56","modified_gmt":"2025-10-16T08:52:56","slug":"bague-doree-ajustable-avec-plateau-ovale-20x15-mm-en-acier-inoxydable-rempli-dune-fleur-en-nacre-10mm-incrustee-dans-de-la-resine","status":"publish","type":"product","link":"https:\/\/www.sweetmaloryne.com\/boutique\/produit\/bague-doree-ajustable-avec-plateau-ovale-20x15-mm-en-acier-inoxydable-rempli-dune-fleur-en-nacre-10mm-incrustee-dans-de-la-resine\/","title":{"rendered":"Bague Dor\u00e9e Ajustable avec Plateau Ovale 20&#215;15 mm en Acier Inoxydable Rempli d&rsquo;une Fleur en Nacre 10mm Incrust\u00e9e dans de la R\u00e9sine"},"content":{"rendered":"","protected":false},"excerpt":{"rendered":"<div data-v-c86a16ce=\"\">\n<h4 class=\"ak-heading--4 ds-text-primary\" data-v-31657ff4=\"\" data-v-c86a16ce=\"\">Description<\/h4>\n<div data-v-cbba9010=\"\" data-v-c86a16ce=\"\">\n<div class=\"rich-description ds-text-base ds-text-neutral-900 text-collapsed\" data-v-cbba9010=\"\">\n<p>Bague avec plateau ovale 20&#215;15 mm en acier inoxydable rempli d&rsquo;une fleur en nacre 10mm incrust\u00e9e dans de la r\u00e9sine.<\/p>\n<p>Tour de bague ajustable<\/p>\n<p>La bague est r\u00e9alis\u00e9e \u00e0 la main avec de la r\u00e9sine UV et une petite fleur en nacre<\/p>\n<p>Collier de la m\u00eame parure \u00e9galement disponible<\/p>\n<p>\ud83d\ude0d Originale et unique, cette bague fera son petit effet wahou !<\/p>\n<p>\ud83e\udef6\ud83c\udffb Fabrication :<br \/>\nTous les bijoux sont imagin\u00e9s et assembl\u00e9s avec amour par Mana\u00efck dans son petit atelier normand.<\/p>\n<p>\u2728 Composition :<br \/>\nLa collection dans son ensemble est en acier inoxydable et acier inoxydable dor\u00e9 \u00e0 l\u2019or fin (sans nickel, sans plomb, hypoallerg\u00e9nique), pour une qualit\u00e9 waterproof et r\u00e9sistante au quotidien.<\/p>\n<p>\ud83d\udc8e Conseil d&rsquo;entretien :<br \/>\nAfin de pr\u00e9server la beaut\u00e9 de vos petits pr\u00e9cieux et de prolonger leur dur\u00e9e de vie, il est conseill\u00e9 d&rsquo;\u00e9viter tout contact avec les parfums ou les cr\u00e8mes. Il est \u00e9galement conseill\u00e9 de les retirer lors des activit\u00e9s physiques<\/p>\n<\/div>\n<div data-v-cbba9010=\"\"><\/div>\n<\/div>\n<div class=\"variant-shape-properties\" data-v-8468e13d=\"\" data-v-c86a16ce=\"\">\n<div class=\"variant-shape-properties__section\" data-v-8468e13d=\"\">\n<p><strong data-v-8468e13d=\"\">Poids<\/strong><\/p>\n<p data-v-8468e13d=\"\">25 g<\/p>\n<\/div>\n<\/div>\n<\/div>\n<p>&nbsp;<\/p>\n","protected":false},"featured_media":50600,"template":"","meta":[],"product_brand":[932],"product_cat":[61,24,20],"product_tag":[],"class_list":{"0":"post-50599","1":"product","2":"type-product","3":"status-publish","4":"has-post-thumbnail","6":"product_brand-manacreations","7":"product_cat-bagues","8":"product_cat-bijoux","9":"product_cat-lifestyle","10":"description-off","12":"first","13":"instock","14":"shipping-taxable","15":"purchasable","16":"product-type-simple"},"_links":{"self":[{"href":"https:\/\/www.sweetmaloryne.com\/boutique\/wp-json\/wp\/v2\/product\/50599","targetHints":{"allow":["GET"]}}],"collection":[{"href":"https:\/\/www.sweetmaloryne.com\/boutique\/wp-json\/wp\/v2\/product"}],"about":[{"href":"https:\/\/www.sweetmaloryne.com\/boutique\/wp-json\/wp\/v2\/types\/product"}],"wp:featuredmedia":[{"embeddable":true,"href":"https:\/\/www.sweetmaloryne.com\/boutique\/wp-json\/wp\/v2\/media\/50600"}],"wp:attachment":[{"href":"https:\/\/www.sweetmaloryne.com\/boutique\/wp-json\/wp\/v2\/media?parent=50599"}],"wp:term":[{"taxonomy":"product_brand","embeddable":true,"href":"https:\/\/www.sweetmaloryne.com\/boutique\/wp-json\/wp\/v2\/product_brand?post=50599"},{"taxonomy":"product_cat","embeddable":true,"href":"https:\/\/www.sweetmaloryne.com\/boutique\/wp-json\/wp\/v2\/product_cat?post=50599"},{"taxonomy":"product_tag","embeddable":true,"href":"https:\/\/www.sweetmaloryne.com\/boutique\/wp-json\/wp\/v2\/product_tag?post=50599"}],"curies":[{"name":"wp","href":"https:\/\/api.w.org\/{rel}","templated":true}]}}