{"id":50623,"date":"2025-10-16T11:05:44","date_gmt":"2025-10-16T09:05:44","guid":{"rendered":"https:\/\/www.sweetmaloryne.com\/boutique\/?post_type=product&#038;p=50623"},"modified":"2025-10-16T11:13:17","modified_gmt":"2025-10-16T09:13:17","slug":"bracelet-en-perles-dacier-inoxydable-dore-a-lor-fin-3mm-et-perles-a-facettes-rose-3mm","status":"publish","type":"product","link":"https:\/\/www.sweetmaloryne.com\/boutique\/produit\/bracelet-en-perles-dacier-inoxydable-dore-a-lor-fin-3mm-et-perles-a-facettes-rose-3mm\/","title":{"rendered":"Bracelet en Perles d&rsquo;Acier Inoxydable Dor\u00e9 \u00e0 l&rsquo;Or Fin 3mm et Perles \u00e0 Facettes Rose 3mm"},"content":{"rendered":"","protected":false},"excerpt":{"rendered":"<div data-v-c86a16ce=\"\">\n<div data-v-cbba9010=\"\" data-v-c86a16ce=\"\">\n<div class=\"rich-description ds-text-base ds-text-neutral-900 text-collapsed\" data-v-cbba9010=\"\">\n<div data-v-cbba9010=\"\" data-v-c86a16ce=\"\">\n<div class=\"rich-description ds-text-base ds-text-neutral-900 gradient-ellipsis\" data-v-cbba9010=\"\">\n<h4 class=\"ak-heading--4 ds-text-primary\" data-v-31657ff4=\"\" data-v-14144bb6=\"\">Description<\/h4>\n<div data-v-cbba9010=\"\" data-v-14144bb6=\"\">\n<div class=\"rich-description ds-text-base ds-text-neutral-900 gradient-ellipsis\" data-v-cbba9010=\"\">Bracelet en perles d&rsquo;acier inoxydable ou acier inoxydable dor\u00e9 \u00e0 l&rsquo;or fin 3mm et perles \u00e0 facettes rose 3mm<\/p>\n<p>Bracelets imagin\u00e9s et assembl\u00e9s avec amour dans mon petit atelier normand.<br \/>\nA porter seul ou \u00e0 accumuler.<\/p>\n<p>Longueur du bracelet 14 cm plus une chainette de 4 cm pour s&rsquo;adapter \u00e0 chaque poignet, fermoir homard<\/p><\/div>\n<\/div>\n<\/div>\n<\/div>\n<p>&nbsp;<\/p>\n<p>\ud83e\udef6\ud83c\udffb Fabrication :<br \/>\nTous les bijoux sont imagin\u00e9s et assembl\u00e9s avec amour par Mana\u00efck dans son petit atelier normand.<\/p>\n<p>\u2728 Composition :<br \/>\nLa collection dans son ensemble est en acier inoxydable et acier inoxydable dor\u00e9 \u00e0 l\u2019or fin (sans nickel, sans plomb, hypoallerg\u00e9nique), pour une qualit\u00e9 waterproof et r\u00e9sistante au quotidien.<\/p>\n<p>\ud83d\udc8e Conseil d&rsquo;entretien :<br \/>\nAfin de pr\u00e9server la beaut\u00e9 de vos petits pr\u00e9cieux et de prolonger leur dur\u00e9e de vie, il est conseill\u00e9 d&rsquo;\u00e9viter tout contact avec les parfums ou les cr\u00e8mes. Il est \u00e9galement conseill\u00e9 de les retirer lors des activit\u00e9s physiques<\/p>\n<\/div>\n<div data-v-cbba9010=\"\"><\/div>\n<\/div>\n<div class=\"variant-shape-properties\" data-v-8468e13d=\"\" data-v-c86a16ce=\"\">\n<div class=\"variant-shape-properties__section\" data-v-8468e13d=\"\">\n<p><strong data-v-8468e13d=\"\">Poids<\/strong><\/p>\n<p data-v-8468e13d=\"\">25 g<\/p>\n<\/div>\n<\/div>\n<\/div>\n<p>&nbsp;<\/p>\n","protected":false},"featured_media":50628,"template":"","meta":[],"product_brand":[932],"product_cat":[24,49,20],"product_tag":[],"class_list":{"0":"post-50623","1":"product","2":"type-product","3":"status-publish","4":"has-post-thumbnail","6":"product_brand-manacreations","7":"product_cat-bijoux","8":"product_cat-bracelets","9":"product_cat-lifestyle","10":"description-off","12":"first","13":"instock","14":"shipping-taxable","15":"purchasable","16":"product-type-simple"},"_links":{"self":[{"href":"https:\/\/www.sweetmaloryne.com\/boutique\/wp-json\/wp\/v2\/product\/50623","targetHints":{"allow":["GET"]}}],"collection":[{"href":"https:\/\/www.sweetmaloryne.com\/boutique\/wp-json\/wp\/v2\/product"}],"about":[{"href":"https:\/\/www.sweetmaloryne.com\/boutique\/wp-json\/wp\/v2\/types\/product"}],"wp:featuredmedia":[{"embeddable":true,"href":"https:\/\/www.sweetmaloryne.com\/boutique\/wp-json\/wp\/v2\/media\/50628"}],"wp:attachment":[{"href":"https:\/\/www.sweetmaloryne.com\/boutique\/wp-json\/wp\/v2\/media?parent=50623"}],"wp:term":[{"taxonomy":"product_brand","embeddable":true,"href":"https:\/\/www.sweetmaloryne.com\/boutique\/wp-json\/wp\/v2\/product_brand?post=50623"},{"taxonomy":"product_cat","embeddable":true,"href":"https:\/\/www.sweetmaloryne.com\/boutique\/wp-json\/wp\/v2\/product_cat?post=50623"},{"taxonomy":"product_tag","embeddable":true,"href":"https:\/\/www.sweetmaloryne.com\/boutique\/wp-json\/wp\/v2\/product_tag?post=50623"}],"curies":[{"name":"wp","href":"https:\/\/api.w.org\/{rel}","templated":true}]}}