{"id":50991,"date":"2025-10-22T14:55:27","date_gmt":"2025-10-22T12:55:27","guid":{"rendered":"https:\/\/www.sweetmaloryne.com\/boutique\/?post_type=product&#038;p=50991"},"modified":"2025-12-20T12:26:04","modified_gmt":"2025-12-20T11:26:04","slug":"boucles-doreilles-dorees-feuille-en-pate-polymere-2","status":"publish","type":"product","link":"https:\/\/www.sweetmaloryne.com\/boutique\/produit\/boucles-doreilles-dorees-feuille-en-pate-polymere-2\/","title":{"rendered":"Boucles d&rsquo;Oreilles Dor\u00e9es \u00ab\u00a0Feuille\u00a0\u00bb en P\u00e2te Polym\u00e8re"},"content":{"rendered":"","protected":false},"excerpt":{"rendered":"<p>Boucles d&rsquo;oreilles feuilles super mignonnes de style boh\u00e8me.<br \/>\nLes boucles d&rsquo;oreilles ont \u00e9t\u00e9 faites \u00e0 la main.<br \/>\nLa couleur de la p\u00e2te polym\u00e8re est une cr\u00e9ation personnelle et n&rsquo;est pas disponible ailleurs.<br \/>\nCela souligne le caract\u00e8re de chaque boucle d&rsquo;oreille, fabriqu\u00e9e avec une grande attention aux d\u00e9tails.<br \/>\nGr\u00e2ce au mat\u00e9riau l\u00e9ger, les boucles d&rsquo;oreilles peuvent \u00eatre port\u00e9es tr\u00e8s confortablement et n&rsquo;alourdissent pas l&rsquo;oreille !<\/p>\n<div data-v-c9dcd7f8=\"\">\n<table data-v-c9dcd7f8=\"\">\n<tbody>\n<tr data-v-c9dcd7f8=\"\">\n<td class=\"prop-name\" data-v-c9dcd7f8=\"\">Longueur<\/td>\n<td data-v-c9dcd7f8=\"\">5 cm<\/td>\n<\/tr>\n<tr data-v-c9dcd7f8=\"\">\n<td class=\"prop-name\" data-v-c9dcd7f8=\"\">Largeur<\/td>\n<td data-v-c9dcd7f8=\"\">2 cm<\/td>\n<\/tr>\n<tr data-v-c9dcd7f8=\"\">\n<td class=\"prop-name\" data-v-c9dcd7f8=\"\">Mat\u00e9riaux<\/td>\n<td data-v-c9dcd7f8=\"\">Acier Inoxydable, Laiton, Or Massif, Plastique<\/td>\n<\/tr>\n<tr data-v-c9dcd7f8=\"\">\n<td class=\"prop-name\" data-v-c9dcd7f8=\"\">Valeurs<\/td>\n<td data-v-c9dcd7f8=\"\">Fait main<\/td>\n<\/tr>\n<\/tbody>\n<\/table>\n<\/div>\n","protected":false},"featured_media":50988,"template":"","meta":[],"product_brand":[940],"product_cat":[24,55],"product_tag":[],"class_list":{"0":"post-50991","1":"product","2":"type-product","3":"status-publish","4":"has-post-thumbnail","6":"product_brand-lesvarandclay","7":"product_cat-bijoux","8":"product_cat-boucles-d-oreilles","9":"description-off","11":"first","12":"instock","13":"shipping-taxable","14":"purchasable","15":"product-type-simple"},"_links":{"self":[{"href":"https:\/\/www.sweetmaloryne.com\/boutique\/wp-json\/wp\/v2\/product\/50991","targetHints":{"allow":["GET"]}}],"collection":[{"href":"https:\/\/www.sweetmaloryne.com\/boutique\/wp-json\/wp\/v2\/product"}],"about":[{"href":"https:\/\/www.sweetmaloryne.com\/boutique\/wp-json\/wp\/v2\/types\/product"}],"wp:featuredmedia":[{"embeddable":true,"href":"https:\/\/www.sweetmaloryne.com\/boutique\/wp-json\/wp\/v2\/media\/50988"}],"wp:attachment":[{"href":"https:\/\/www.sweetmaloryne.com\/boutique\/wp-json\/wp\/v2\/media?parent=50991"}],"wp:term":[{"taxonomy":"product_brand","embeddable":true,"href":"https:\/\/www.sweetmaloryne.com\/boutique\/wp-json\/wp\/v2\/product_brand?post=50991"},{"taxonomy":"product_cat","embeddable":true,"href":"https:\/\/www.sweetmaloryne.com\/boutique\/wp-json\/wp\/v2\/product_cat?post=50991"},{"taxonomy":"product_tag","embeddable":true,"href":"https:\/\/www.sweetmaloryne.com\/boutique\/wp-json\/wp\/v2\/product_tag?post=50991"}],"curies":[{"name":"wp","href":"https:\/\/api.w.org\/{rel}","templated":true}]}}