{"id":51547,"date":"2025-11-19T17:16:41","date_gmt":"2025-11-19T16:16:41","guid":{"rendered":"https:\/\/www.sweetmaloryne.com\/boutique\/?post_type=product&#038;p=51547"},"modified":"2026-01-15T11:54:28","modified_gmt":"2026-01-15T10:54:28","slug":"bougie-pilier-parfumee-pomme-cannelle-o58x10cm","status":"publish","type":"product","link":"https:\/\/www.sweetmaloryne.com\/boutique\/produit\/bougie-pilier-parfumee-pomme-cannelle-o58x10cm\/","title":{"rendered":"Bougie Pilier Parfum\u00e9e Pomme Cannelle \u00f85,8x10cm"},"content":{"rendered":"","protected":false},"excerpt":{"rendered":"<p>cire marbr\u00e9e, parfum pomme cannelle, dur\u00e9e de combustion 38 heures<\/p>\n","protected":false},"featured_media":51549,"template":"","meta":[],"product_brand":[],"product_cat":[32,832,19,20,658,825],"product_tag":[],"class_list":{"0":"post-51547","1":"product","2":"type-product","3":"status-publish","4":"has-post-thumbnail","6":"product_cat-bougies","7":"product_cat-bougies-piliers-parfumees","8":"product_cat-decoration","9":"product_cat-lifestyle","10":"product_cat-nouveautes","11":"product_cat-parfum-dinterieur","12":"description-off","14":"first","15":"instock","16":"shipping-taxable","17":"purchasable","18":"product-type-simple"},"_links":{"self":[{"href":"https:\/\/www.sweetmaloryne.com\/boutique\/wp-json\/wp\/v2\/product\/51547","targetHints":{"allow":["GET"]}}],"collection":[{"href":"https:\/\/www.sweetmaloryne.com\/boutique\/wp-json\/wp\/v2\/product"}],"about":[{"href":"https:\/\/www.sweetmaloryne.com\/boutique\/wp-json\/wp\/v2\/types\/product"}],"wp:featuredmedia":[{"embeddable":true,"href":"https:\/\/www.sweetmaloryne.com\/boutique\/wp-json\/wp\/v2\/media\/51549"}],"wp:attachment":[{"href":"https:\/\/www.sweetmaloryne.com\/boutique\/wp-json\/wp\/v2\/media?parent=51547"}],"wp:term":[{"taxonomy":"product_brand","embeddable":true,"href":"https:\/\/www.sweetmaloryne.com\/boutique\/wp-json\/wp\/v2\/product_brand?post=51547"},{"taxonomy":"product_cat","embeddable":true,"href":"https:\/\/www.sweetmaloryne.com\/boutique\/wp-json\/wp\/v2\/product_cat?post=51547"},{"taxonomy":"product_tag","embeddable":true,"href":"https:\/\/www.sweetmaloryne.com\/boutique\/wp-json\/wp\/v2\/product_tag?post=51547"}],"curies":[{"name":"wp","href":"https:\/\/api.w.org\/{rel}","templated":true}]}}